{"id":11097,"date":"2020-12-06T10:57:59","date_gmt":"2020-12-06T10:57:59","guid":{"rendered":"https:\/\/matriacon.net\/?page_id=11097"},"modified":"2022-07-21T17:54:16","modified_gmt":"2022-07-21T17:54:16","slug":"","status":"publish","type":"page","link":"https:\/\/matriacon.net\/en\/materialien\/kunsthandwerk\/","title":{"rendered":"","raw":""},"content":{"rendered":"","protected":false,"raw":""},"excerpt":{"rendered":"","protected":false,"raw":""},"author":2,"featured_media":0,"parent":25,"menu_order":1,"comment_status":"closed","ping_status":"closed","template":"","meta":{"_de_post_content":"<!-- wp:paragraph {\"fontSize\":\"normal\"} -->\n<p class=\"has-normal-font-size\">Herzlich willkommen beim virtuellen Verkaufsstand der Gerlinde Hofmann.<\/p>\n<!-- \/wp:paragraph -->\n\n<!-- wp:columns -->\n<div class=\"wp-block-columns\"><!-- wp:column {\"verticalAlignment\":\"center\",\"width\":\"66.66%\"} -->\n<div class=\"wp-block-column is-vertically-aligned-center\" style=\"flex-basis:66.66%\"><!-- wp:paragraph {\"fontSize\":\"normal\"} -->\n<p class=\"has-normal-font-size\">Hier pr\u00e4sentieren wir Kunsthandwerk, das f\u00fcr eine weiblich-m\u00fctterliche Welt gefertigt wird&nbsp;und f\u00fcr die sich mehr und mehr ausbreitende Kultur der Jahreskreisfeste und Rituale vor unserer Haust\u00fcr.&nbsp;Die vielf\u00e4ltigen, Kraft spendenden Symbole sind angeregt von fr\u00fchen und friedlichen Kulturen und von zeitgen\u00f6ssischen Matriarchaten.&nbsp;<\/p>\n<!-- \/wp:paragraph -->\n\n<!-- wp:paragraph {\"fontSize\":\"normal\"} -->\n<p class=\"has-normal-font-size\">Die meisten Produkte, aus der Werkstatt der K\u00fcnstlerin, entstehen \u00fcber selbst geschnittene Motivformen aus Holz und Siebdruck auf Textilien.<\/p>\n<!-- \/wp:paragraph -->\n\n<!-- wp:paragraph {\"align\":\"left\",\"fontSize\":\"normal\"} -->\n<p class=\"has-text-align-left has-normal-font-size\">Hier ein Interview aus den Mutterlandbriefen mit der K\u00fcnstlerin<\/p>\n<!-- \/wp:paragraph -->\n\n<!-- wp:paragraph {\"align\":\"left\",\"fontSize\":\"normal\"} -->\n<p class=\"has-text-align-left has-normal-font-size\"><a rel=\"noreferrer noopener\" href=\"https:\/\/matriacon.net\/wp-content\/uploads\/Interview-Gerlinde.pdf\" data-type=\"URL\" data-id=\"https:\/\/matriacon.net\/wp-content\/uploads\/Interview-Gerlinde.pdf\" target=\"_blank\">https:\/\/matriacon.net\/wp-content\/uploads\/Interview-Gerlinde.pdf<\/a><\/p>\n<!-- \/wp:paragraph --><\/div>\n<!-- \/wp:column -->\n\n<!-- wp:column {\"width\":\"33.33%\"} -->\n<div class=\"wp-block-column\" style=\"flex-basis:33.33%\"><!-- wp:image {\"id\":11219,\"width\":380,\"height\":407,\"sizeSlug\":\"full\"} -->\n<figure class=\"wp-block-image size-full is-resized\"><img src=\"https:\/\/matriacon.net\/wp-content\/uploads\/Willkommen-scaled.jpg\" alt=\"\" class=\"wp-image-11219\" width=\"380\" height=\"407\"\/><figcaption>Gerlinde Hofmann<\/figcaption><\/figure>\n<!-- \/wp:image --><\/div>\n<!-- \/wp:column --><\/div>\n<!-- \/wp:columns -->\n\n<!-- wp:group -->\n<div class=\"wp-block-group\"><\/div>\n<!-- \/wp:group -->\n\n<!-- wp:html -->\nhttps:\/\/matriacon.net\/mustervorlagen\/\n<!-- \/wp:html -->\n\n<!-- wp:paragraph -->\n<p><\/p>\n<!-- \/wp:paragraph -->","_de_post_name":"kunsthandwerk","_de_post_excerpt":"","_de_post_title":"Kunsthandwerk","_en_post_content":"","_en_post_name":"","_en_post_excerpt":"","_en_post_title":"","edit_language":"en","ngg_post_thumbnail":0,"footnotes":""},"class_list":["post-11097","page","type-page","status-publish","hentry"],"jetpack_sharing_enabled":true,"_links":{"self":[{"href":"https:\/\/matriacon.net\/en\/wp-json\/wp\/v2\/pages\/11097","targetHints":{"allow":["GET"]}}],"collection":[{"href":"https:\/\/matriacon.net\/en\/wp-json\/wp\/v2\/pages"}],"about":[{"href":"https:\/\/matriacon.net\/en\/wp-json\/wp\/v2\/types\/page"}],"author":[{"embeddable":true,"href":"https:\/\/matriacon.net\/en\/wp-json\/wp\/v2\/users\/2"}],"replies":[{"embeddable":true,"href":"https:\/\/matriacon.net\/en\/wp-json\/wp\/v2\/comments?post=11097"}],"version-history":[{"count":13,"href":"https:\/\/matriacon.net\/en\/wp-json\/wp\/v2\/pages\/11097\/revisions"}],"predecessor-version":[{"id":11644,"href":"https:\/\/matriacon.net\/en\/wp-json\/wp\/v2\/pages\/11097\/revisions\/11644"}],"up":[{"embeddable":true,"href":"https:\/\/matriacon.net\/en\/wp-json\/wp\/v2\/pages\/25"}],"wp:attachment":[{"href":"https:\/\/matriacon.net\/en\/wp-json\/wp\/v2\/media?parent=11097"}],"curies":[{"name":"wp","href":"https:\/\/api.w.org\/{rel}","templated":true}]}}