{"id":1238,"date":"2019-01-20T19:12:32","date_gmt":"2019-01-20T18:12:32","guid":{"rendered":"http:\/\/testwp1.lan\/?page_id=1238"},"modified":"2020-10-22T09:14:24","modified_gmt":"2020-10-22T09:14:24","slug":"","status":"publish","type":"page","link":"https:\/\/matriacon.net\/en\/materialien\/matriawis\/","title":{"rendered":"","raw":""},"content":{"rendered":"","protected":false,"raw":""},"excerpt":{"rendered":"","protected":false,"raw":""},"author":2,"featured_media":10027,"parent":25,"menu_order":0,"comment_status":"closed","ping_status":"closed","template":"","meta":{"_de_post_content":"<!-- wp:paragraph {\"fontSize\":\"medium\"} -->\n<p class=\"has-medium-font-size\">Archiv f\u00fcr matriarchale Weisheit<\/p>\n<!-- \/wp:paragraph -->\n\n<!-- wp:image {\"align\":\"right\",\"id\":8264,\"width\":345,\"height\":169} -->\n<div class=\"wp-block-image\"><figure class=\"alignright is-resized\"><img src=\"https:\/\/matriacon.net\/wp-content\/uploads\/MatriaWis-2.png\" alt=\"\" class=\"wp-image-8264\" width=\"345\" height=\"169\"\/><\/figure><\/div>\n<!-- \/wp:image -->\n\n<!-- wp:paragraph -->\n<p><strong>Das Archiv MatriaWis ist eine Tochter von MatriaVal e.V. <\/strong><\/p>\n<!-- \/wp:paragraph -->\n\n<!-- wp:paragraph -->\n<p><strong>... und ein guter Ort, um alles rund um moderne Matriarchatsforschung zu  SAMMELN  -  BEWAHREN  -  ERINNERN  -  FINDEN<\/strong><\/p>\n<!-- \/wp:paragraph -->\n\n<!-- wp:paragraph -->\n<p>Zum \nBeispiel B\u00fccher von und \u00fcber Matriarchate, Filme, Quellen- und \nSekund\u00e4rliteratur, Mitschnitte, Rohmaterial, wissenschaftliche und\nfeministisch-matriarchale Arbeiten von Universit\u00e4ten und Akademien wie \nHAGIA und ALMA MATER, Zeitungen, Notizen und Ausschnitte, Zeichnungen, \nInternet-Ausdrucke, Fotos, Videos, CDs, DVDs, Noten,\nKunstwerke, Figuren, Gegenst\u00e4nde (sakrale und profane) und vieles andere\n mehr.<\/p>\n<!-- \/wp:paragraph -->\n\n<!-- wp:image {\"align\":\"right\",\"id\":10422,\"width\":135,\"height\":199} -->\n<div class=\"wp-block-image\"><figure class=\"alignright is-resized\"><img src=\"https:\/\/matriacon.net\/wp-content\/uploads\/Hefte-MatriaVal-695x1024.jpg\" alt=\"\" class=\"wp-image-10422\" width=\"135\" height=\"199\"\/><\/figure><\/div>\n<!-- \/wp:image -->\n\n<!-- wp:paragraph {\"textColor\":\"vivid-red\",\"fontSize\":\"medium\"} -->\n<p class=\"has-vivid-red-color has-text-color has-medium-font-size\"><strong>Sammeln<\/strong><\/p>\n<!-- \/wp:paragraph -->\n\n<!-- wp:paragraph -->\n<p>Das Archiv MatriaWis w\u00e4chst u.a. durch Nachl\u00e4sse, Schenkungen, (Dauer)Leihgaben,  Kauf, Tausch, Informationen und Hinweise \u00fcber Radio- und Fernsehsendungen und Internetpr\u00e4sentationen.<\/p>\n<!-- \/wp:paragraph -->\n\n<!-- wp:spacer {\"height\":50} -->\n<div style=\"height:50px\" aria-hidden=\"true\" class=\"wp-block-spacer\"><\/div>\n<!-- \/wp:spacer -->\n\n<!-- wp:paragraph -->\n<p>Hier haben Sch\u00e4tze ein Zuhause!!! Wenn auch Ihr\n B\u00fccher, Filme, Musik, Kunstgegenst\u00e4nde etc. spenden wollt, die das \nSammelgebiet\n\u201eMatriarchat\u201c betreffen, freuen wir uns \u00fcber Eure Kontaktaufnahme. Wir \nsind auch an Zweitexemplaren zum vorhandenen Bestand sehr interessiert.<\/p>\n<!-- \/wp:paragraph -->\n\n<!-- wp:paragraph {\"textColor\":\"vivid-red\",\"fontSize\":\"medium\"} -->\n<p class=\"has-vivid-red-color has-text-color has-medium-font-size\"><strong>Bewahren<\/strong><\/p>\n<!-- \/wp:paragraph -->\n\n<!-- wp:paragraph -->\n<p>In einem bereits vorhandenen Archiv in  G\u00f6ttingen (Niedersachsen) hat MatriaWis einen Platz und vielseitige Unterst\u00fctzung f\u00fcr die gesammelten Werke gefunden. Einige Beitr\u00e4ge stehen digital zur Verf\u00fcgung. So hat MatriaVal die Staats- und Universit\u00e4tsbibliothek Hamburg unterst\u00fctzt, das historische Buch \"Das Mutterrecht\" von J.J. Bachofen aus dem Jahr 1861 vollst\u00e4ndig zu digitalisieren (ca. 700 MB). Es kann <a rel=\"noreferrer noopener\" aria-label=\" (\u00f6ffnet in neuem Tab)\" href=\"https:\/\/resolver.sub.uni-hamburg.de\/kitodo\/PPN685182983\" target=\"_blank\"><strong>hier<\/strong><\/a><strong> <\/strong>ohne jegliche K\u00fcrzung heruntergeladen werden.<\/p>\n<!-- \/wp:paragraph -->\n\n<!-- wp:paragraph {\"textColor\":\"vivid-red\",\"fontSize\":\"medium\"} -->\n<p class=\"has-vivid-red-color has-text-color has-medium-font-size\"><strong>Erinnern<\/strong><\/p>\n<!-- \/wp:paragraph -->\n\n<!-- wp:paragraph -->\n<p>Durch ein  weltweites Netzwerk zur Matriarchatsforschung ist ein weltweiter Informationsaustausch \u00fcber die Inhalte des Archivs MatriaWis m\u00f6glich.<\/p>\n<!-- \/wp:paragraph -->\n\n<!-- wp:paragraph {\"textColor\":\"vivid-red\",\"fontSize\":\"medium\"} -->\n<p class=\"has-vivid-red-color has-text-color has-medium-font-size\"><strong>Finden<\/strong><\/p>\n<!-- \/wp:paragraph -->\n\n<!-- wp:paragraph -->\n<p>Das Archiv MatriaWis erm\u00f6glicht im Sinne des Vereins <a href=\"https:\/\/matriacon.net\/die-traegerinnen\">MatriaVal<\/a>  Forschung und Vermittlung matriarchaler Werte und die F\u00f6rderung matriarchaler Gesellschaften auf  vielf\u00e4ltige Weise, z.B. durch Recherche f\u00fcr B\u00fccher, Filme,  wissenschaftliche Arbeiten, Seminare u.\u00e4. Dabei bezieht es sich auf moderne Matriarchatsforschung, auf existierende matriarchale  Gesellschaften und auf eine lange versch\u00fcttete, unsichtbar gemachte und  missachtete Geschichte.<\/p>\n<!-- \/wp:paragraph -->\n\n<!-- wp:image {\"align\":\"left\",\"id\":10419,\"width\":352,\"height\":197} -->\n<div class=\"wp-block-image\"><figure class=\"alignleft is-resized\"><img src=\"https:\/\/matriacon.net\/wp-content\/uploads\/IMG_1256-2-1024x576.jpg\" alt=\"\" class=\"wp-image-10419\" width=\"352\" height=\"197\"\/><\/figure><\/div>\n<!-- \/wp:image -->\n\n<!-- wp:paragraph -->\n<p>Zur Benutzung des Archivs MatriaWis werden von den ArchiVera individuelle Zug\u00e4nge erm\u00f6glicht, bis hin zur Digitalisierung eines Werkes auf Wunsch. Das <a href=\"https:\/\/matriacon.net\/materialien\/quellenverzeichnis\">Verzeichnis aller Quellen<\/a> kann hier durchsucht werden.<\/p>\n<!-- \/wp:paragraph -->\n\n<!-- wp:paragraph -->\n<p>Kooperation mit:<\/p>\n<!-- \/wp:paragraph -->\n\n<!-- wp:paragraph -->\n<p><a href=\"http:\/\/www.denkbar-sg.ch\/\">http:\/\/www.denkbar-sg.ch\/<\/a><\/p>\n<!-- \/wp:paragraph -->\n\n<!-- wp:paragraph -->\n<p><a href=\"http:\/\/www.matriarchiv.ch\/\">http:\/\/www.matriarchiv.ch\/<\/a><\/p>\n<!-- \/wp:paragraph -->\n\n<!-- wp:paragraph -->\n<p><span style=\"font-size:smaller;\">* Bezeichnungen nach einem Vorschlag von Luise Pusch, feministische Sprachforscherin.<br>\n** Logo nach einer Idee von Kerstin Pilop<\/span><\/p>\n<!-- \/wp:paragraph -->","_de_post_name":"matriawis","_de_post_excerpt":"","_de_post_title":"MatriaWis","_en_post_content":"","_en_post_name":"","_en_post_excerpt":"","_en_post_title":"","edit_language":"en","ngg_post_thumbnail":0,"footnotes":""},"class_list":["post-1238","page","type-page","status-publish","has-post-thumbnail","hentry"],"jetpack_sharing_enabled":true,"_links":{"self":[{"href":"https:\/\/matriacon.net\/en\/wp-json\/wp\/v2\/pages\/1238","targetHints":{"allow":["GET"]}}],"collection":[{"href":"https:\/\/matriacon.net\/en\/wp-json\/wp\/v2\/pages"}],"about":[{"href":"https:\/\/matriacon.net\/en\/wp-json\/wp\/v2\/types\/page"}],"author":[{"embeddable":true,"href":"https:\/\/matriacon.net\/en\/wp-json\/wp\/v2\/users\/2"}],"replies":[{"embeddable":true,"href":"https:\/\/matriacon.net\/en\/wp-json\/wp\/v2\/comments?post=1238"}],"version-history":[{"count":26,"href":"https:\/\/matriacon.net\/en\/wp-json\/wp\/v2\/pages\/1238\/revisions"}],"predecessor-version":[{"id":11029,"href":"https:\/\/matriacon.net\/en\/wp-json\/wp\/v2\/pages\/1238\/revisions\/11029"}],"up":[{"embeddable":true,"href":"https:\/\/matriacon.net\/en\/wp-json\/wp\/v2\/pages\/25"}],"wp:featuredmedia":[{"embeddable":true,"href":"https:\/\/matriacon.net\/en\/wp-json\/wp\/v2\/media\/10027"}],"wp:attachment":[{"href":"https:\/\/matriacon.net\/en\/wp-json\/wp\/v2\/media?parent=1238"}],"curies":[{"name":"wp","href":"https:\/\/api.w.org\/{rel}","templated":true}]}}