{"id":1281,"date":"2019-01-20T20:28:41","date_gmt":"2019-01-20T19:28:41","guid":{"rendered":"http:\/\/testwp1.lan\/?page_id=1281"},"modified":"2020-01-29T19:39:54","modified_gmt":"2020-01-29T19:39:54","slug":"","status":"publish","type":"page","link":"https:\/\/matriacon.net\/en\/die-treffen\/","title":{"rendered":"The meetings","raw":"The meetings"},"content":{"rendered":"\n<p>Women have been\nmeeting at different places for many years in \u201cMatriCircles\u201d to reflect on our\nmatriarchal outlook together, to advance our understanding and most of all to\nthink about how to live according to these values.<\/p>\n\n\n\n<div class=\"wp-block-image\"><figure class=\"alignright is-resized\"><img loading=\"lazy\" decoding=\"async\" src=\"https:\/\/matriacon.net\/wp-content\/uploads\/cache_6873956-1024x576.jpg\" alt=\"\" class=\"wp-image-8427\" width=\"347\" height=\"195\" srcset=\"https:\/\/matriacon.net\/wp-content\/uploads\/cache_6873956-1024x576.jpg 1024w, https:\/\/matriacon.net\/wp-content\/uploads\/cache_6873956-300x169.jpg 300w, https:\/\/matriacon.net\/wp-content\/uploads\/cache_6873956-768x432.jpg 768w, https:\/\/matriacon.net\/wp-content\/uploads\/cache_6873956-216x122.jpg 216w, https:\/\/matriacon.net\/wp-content\/uploads\/cache_6873956-375x210.jpg 375w, https:\/\/matriacon.net\/wp-content\/uploads\/cache_6873956-250x140.jpg 250w, https:\/\/matriacon.net\/wp-content\/uploads\/cache_6873956.jpg 1280w\" sizes=\"auto, (max-width: 347px) 100vw, 347px\" \/><\/figure><\/div>\n\n\n\n<p>Over time an appropriate format emerged\nwhich promotes experimentation with a new culture of interaction. For this\nreason MatriCircles include common rituals, dancing, singing and of course\nsharing pot luck meals. There is also space for listening to each other \u201cwith\nour hearts\u201d, nurturing and having fun.<\/p>\n\n\n\n<p><strong>During all of this we focus on the following questions (among other things): <\/strong><\/p>\n\n\n\n<p>What can we learn from existing matriarchies?<\/p>\n\n\n\n<p>What inspiration do we derive from\nresearching matriarchies of ancient and prehistoric times?<\/p>\n\n\n\n<p>How can we deepen our matriarchal\nconsciousness and incorporate it into our every day lives? <\/p>\n\n\n\n<p>How can we convey our knowledge and matriarchal\nvalues to others to transform our patriarchal society into a society focused on\nthe maternal principle (the \u201csymbolic order of mothers\u201d) and the welfare of\neveryone, in which peacefulness and nurturing are core values? <\/p>\n\n\n\n<div class=\"wp-block-image\"><figure class=\"alignleft is-resized\"><img loading=\"lazy\" decoding=\"async\" src=\"https:\/\/matriacon.net\/wp-content\/uploads\/4-Matri-Zirkel-in-Ffm-2.jpg\" alt=\"\" class=\"wp-image-8248\" width=\"209\" height=\"210\" srcset=\"https:\/\/matriacon.net\/wp-content\/uploads\/4-Matri-Zirkel-in-Ffm-2.jpg 348w, https:\/\/matriacon.net\/wp-content\/uploads\/4-Matri-Zirkel-in-Ffm-2-150x150.jpg 150w, https:\/\/matriacon.net\/wp-content\/uploads\/4-Matri-Zirkel-in-Ffm-2-300x300.jpg 300w, https:\/\/matriacon.net\/wp-content\/uploads\/4-Matri-Zirkel-in-Ffm-2-216x217.jpg 216w, https:\/\/matriacon.net\/wp-content\/uploads\/4-Matri-Zirkel-in-Ffm-2-60x60.jpg 60w\" sizes=\"auto, (max-width: 209px) 100vw, 209px\" \/><\/figure><\/div>\n\n\n\n<p>The existing MatriCircles and similar\ngatherings in Germany, Austria and Switzerland grew out of the matriachal\nschools Hagia and Alma Mater. Each regional Circle is organized by a group of\nlocal women. Currently Circles are meeting regularly in Munich, Frankfurt, <a href=\"http:\/\/www.matria.de\/matria\/veranstaltungen.html\" target=\"_blank\" rel=\"noreferrer noopener\">Hamburg<\/a> and Stuttgart. Additional MatriCircles\nare offered through MatriaCon events <a href=\"https:\/\/matriacon.net\/veranstaltungen\/2019\/fortbildung-und-supervision-fuer-botschafterinnen-matriarchalen-bewusstseins\">Veranstaltung<\/a> in April 2019. We offer an <a href=\"http:\/\/s768726063.online.de\/login\/index.php\" target=\"_blank\" rel=\"noreferrer noopener\">online-Plattform<\/a> to network the individual\nCircles.&nbsp; The platform allows MatriCircle\nguides can exchange documents and stay in contact in Forums. Access to this\nonline platform requires registration over info[at]matriacon.net <\/p>\n","protected":false,"raw":"<!-- wp:paragraph -->\n<p>Women have been\nmeeting at different places for many years in \u201cMatriCircles\u201d to reflect on our\nmatriarchal outlook together, to advance our understanding and most of all to\nthink about how to live according to these values.<\/p>\n<!-- \/wp:paragraph -->\n\n<!-- wp:image {\"id\":8427,\"align\":\"right\",\"width\":347,\"height\":195} -->\n<div class=\"wp-block-image\"><figure class=\"alignright is-resized\"><img src=\"https:\/\/matriacon.net\/wp-content\/uploads\/cache_6873956-1024x576.jpg\" alt=\"\" class=\"wp-image-8427\" width=\"347\" height=\"195\"\/><\/figure><\/div>\n<!-- \/wp:image -->\n\n<!-- wp:paragraph -->\n<p>Over time an appropriate format emerged\nwhich promotes experimentation with a new culture of interaction. For this\nreason MatriCircles include common rituals, dancing, singing and of course\nsharing pot luck meals. There is also space for listening to each other \u201cwith\nour hearts\u201d, nurturing and having fun.<\/p>\n<!-- \/wp:paragraph -->\n\n<!-- wp:paragraph -->\n<p><strong>During all of this we focus on the following questions (among other things): <\/strong><\/p>\n<!-- \/wp:paragraph -->\n\n<!-- wp:paragraph -->\n<p>What can we learn from existing matriarchies?<\/p>\n<!-- \/wp:paragraph -->\n\n<!-- wp:paragraph -->\n<p>What inspiration do we derive from\nresearching matriarchies of ancient and prehistoric times?<\/p>\n<!-- \/wp:paragraph -->\n\n<!-- wp:paragraph -->\n<p>How can we deepen our matriarchal\nconsciousness and incorporate it into our every day lives? <\/p>\n<!-- \/wp:paragraph -->\n\n<!-- wp:paragraph -->\n<p>How can we convey our knowledge and matriarchal\nvalues to others to transform our patriarchal society into a society focused on\nthe maternal principle (the \u201csymbolic order of mothers\u201d) and the welfare of\neveryone, in which peacefulness and nurturing are core values? <\/p>\n<!-- \/wp:paragraph -->\n\n<!-- wp:image {\"id\":8248,\"align\":\"left\",\"width\":209,\"height\":210} -->\n<div class=\"wp-block-image\"><figure class=\"alignleft is-resized\"><img src=\"https:\/\/matriacon.net\/wp-content\/uploads\/4-Matri-Zirkel-in-Ffm-2.jpg\" alt=\"\" class=\"wp-image-8248\" width=\"209\" height=\"210\"\/><\/figure><\/div>\n<!-- \/wp:image -->\n\n<!-- wp:paragraph -->\n<p>The existing MatriCircles and similar\ngatherings in Germany, Austria and Switzerland grew out of the matriachal\nschools Hagia and Alma Mater. Each regional Circle is organized by a group of\nlocal women. Currently Circles are meeting regularly in Munich, Frankfurt, <a href=\"http:\/\/www.matria.de\/matria\/veranstaltungen.html\" target=\"_blank\" rel=\"noreferrer noopener\">Hamburg<\/a> and Stuttgart. Additional MatriCircles\nare offered through MatriaCon events <a href=\"https:\/\/matriacon.net\/veranstaltungen\/2019\/fortbildung-und-supervision-fuer-botschafterinnen-matriarchalen-bewusstseins\">Veranstaltung<\/a> in April 2019. We offer an <a href=\"http:\/\/s768726063.online.de\/login\/index.php\" target=\"_blank\" rel=\"noreferrer noopener\">online-Plattform<\/a> to network the individual\nCircles.&nbsp; The platform allows MatriCircle\nguides can exchange documents and stay in contact in Forums. Access to this\nonline platform requires registration over info[at]matriacon.net <\/p>\n<!-- \/wp:paragraph -->"},"excerpt":{"rendered":"","protected":false,"raw":""},"author":2,"featured_media":4299,"parent":0,"menu_order":0,"comment_status":"closed","ping_status":"closed","template":"","meta":{"_de_post_content":"<!-- wp:paragraph -->\n<p>Frauen treffen sich seit vielen Jahren an verschiedenen Orten in \"Matri-Zirkeln\". In diesen Treffen k\u00f6nnen matriarchale Haltungen gemeinsam reflektiert und weiterentwickelt - vor allem aber direkt gelebt -&nbsp; werden. <\/p>\n<!-- \/wp:paragraph -->\n\n<!-- wp:image {\"align\":\"right\",\"id\":8427,\"width\":303,\"height\":190} -->\n<div class=\"wp-block-image\"><figure class=\"alignright is-resized\"><img src=\"https:\/\/matriacon.net\/wp-content\/uploads\/cache_6873956-1024x576.jpg\" alt=\"\" class=\"wp-image-8427\" width=\"303\" height=\"190\"\/><\/figure><\/div>\n<!-- \/wp:image -->\n\n<!-- wp:paragraph -->\n<p>Der Rahmen und der Ablauf der Treffen dient somit auch der Erprobung und dem \u00dcben einer anderen Kultur des Miteinanders.&nbsp; Zu den Matri-Zirkeln geh\u00f6ren deshalb gemeinsame Rituale, Tanzen, Singen und selbstverst\u00e4ndlich auch das gemeinsame Essen der Speisen, die die Teilnehmerinnen mitgebracht haben. Einander \"mit dem Herzen\" zuh\u00f6ren, F\u00fcrsorglichkeit und nicht zuletzt Fr\u00f6hlichkeit haben hier ihren Platz.<\/p>\n<!-- \/wp:paragraph -->\n\n<!-- wp:paragraph -->\n<p><strong>Dabei widmen wir uns unter anderem diesen Fragen:<\/strong><\/p>\n<!-- \/wp:paragraph -->\n\n<!-- wp:paragraph {\"align\":\"left\"} -->\n<p class=\"has-text-align-left\">Was k\u00f6nnen wir von den bestehenden Matriarchaten lernen?<\/p>\n<!-- \/wp:paragraph -->\n\n<!-- wp:paragraph -->\n<p>Welche Anregungen geben uns die Forschungen \u00fcber die Matriarchate der Ur- und Fr\u00fchgeschichte?<\/p>\n<!-- \/wp:paragraph -->\n\n<!-- wp:paragraph -->\n<p>Wie k\u00f6nnen wir unser matriarchales Bewusstsein entwickeln und in unserem Alltag umsetzen?<\/p>\n<!-- \/wp:paragraph -->\n\n<!-- wp:paragraph -->\n<p>Wie k\u00f6nnen wir unser Wissen um matriarchale Werte weitergeben und damit  unsere patriarchale Gesellschaft ver\u00e4ndern zu einer Gesellschaft, in der  das m\u00fctterliche Prinzip (die \u201esymbolische Ordnung der Mutter\u201c) und das  Wohlergehen Aller im Mittelpunkt stehen und in der Friedfertigkeit und  F\u00fcrsorglichkeit zentrale Werte darstellen?  <\/p>\n<!-- \/wp:paragraph -->\n\n<!-- wp:image {\"align\":\"left\",\"id\":8248,\"width\":299,\"height\":300} -->\n<div class=\"wp-block-image\"><figure class=\"alignleft is-resized\"><img src=\"https:\/\/matriacon.net\/wp-content\/uploads\/4-Matri-Zirkel-in-Ffm-2.jpg\" alt=\"\" class=\"wp-image-8248\" width=\"299\" height=\"300\"\/><\/figure><\/div>\n<!-- \/wp:image -->\n\n<!-- wp:paragraph -->\n<p>Aktuell existieren, insbesondere aus den matriachalen Schulen Hagia und Alma Mater erwachsen, sowohl Matri-Zirkel als auch \u00e4hnlich organisierte Kreise in Deutschland, \u00d6sterreich und der Schweiz. Die einzelnen regionalen Kreise werden unabh\u00e4ngig von einer Gruppe lokaler Frauen organisiert. Zur Zeit gibt es Gruppen in M\u00fcnchen und Matrizirkel in <a href=\"https:\/\/matriacon.net\/veranstaltungen\/2020\/matri-zirkel-rhein-main-2\"><strong>Frankfurt<\/strong><\/a>, <a aria-label=\" (\u00f6ffnet in neuem Tab)\" rel=\"noreferrer noopener\" href=\"http:\/\/www.matria.de\/matria\/veranstaltungen.html\" target=\"_blank\">Hamburg<\/a> und Stuttgart. Weitere Matrizirkel entstehen aktuell \u00fcber die von MatriaCon angebotene <a href=\"https:\/\/matriacon.net\/veranstaltungen\/2019\/fortbildung-und-supervision-fuer-botschafterinnen-matriarchalen-bewusstseins\">Veranstaltung<\/a> im April 2019. Zur Vernetzung der einzelnen Zirkel bieten wir eine <a aria-label=\"online-Plattform (\u00f6ffnet in neuem Tab)\" rel=\"noreferrer noopener\" href=\"https:\/\/matriacon.net\/login\/index.php\" target=\"_blank\">online-Plattform<\/a>. Matrizirkel-Leiterinnen k\u00f6nnen so Dokumente austauschen und \u00fcber Foren in Kontakt bleiben. F\u00fcr den Zugang zu dieser online-Plattform ist eine Anmeldung \u00fcber info[at]matriacon.net notwendig.<\/p>\n<!-- \/wp:paragraph -->\n\n<!-- wp:spacer -->\n<div style=\"height:100px\" aria-hidden=\"true\" class=\"wp-block-spacer\"><\/div>\n<!-- \/wp:spacer -->\n\n<!-- wp:shortcode -->\n[leaflet-map fitbounds]\n<!-- \/wp:shortcode -->\n\n<p>[leaflet-marker lat=50.082712 lng=8.655707 iconurl='https:\/\/matriacon.net\/wp-content\/uploads\/matria.png' iconanchor=20,50]<em>Matrizirkel Rhein-Main<\/em><br>Infos: Uscha Madeisky (069-95507031) oder Hemma (069-54890105)[\/leaflet-marker]<br>\n[leaflet-marker lat=48.738995 lng=9.183051 iconurl='https:\/\/matriacon.net\/wp-content\/uploads\/matria.png' iconanchor=20,50]<em>Matri-Zirkel Stuttgart<\/em><br>Infos: maledea@gmx.de[\/leaflet-marker]<br>\n[leaflet-marker lat=53.539502 lng=10.050970 iconurl='https:\/\/matriacon.net\/wp-content\/uploads\/matria.png' iconanchor=20,50]<em>Matria-Kreis Hamburg<\/em><br>Infos: <a href=\"http:\/\/www.matria.de\/matria\/veranstaltungen.html\" target=\"_blank\" rel=\"noopener noreferrer\">www.matria.de<\/a>[\/leaflet-marker]<\/p>","_de_post_name":"die-treffen","_de_post_excerpt":"","_de_post_title":"Die Treffen","_en_post_content":"<!-- wp:paragraph -->\n<p>Women have been\nmeeting at different places for many years in \u201cMatriCircles\u201d to reflect on our\nmatriarchal outlook together, to advance our understanding and most of all to\nthink about how to live according to these values.<\/p>\n<!-- \/wp:paragraph -->\n\n<!-- wp:image {\"id\":8427,\"align\":\"right\",\"width\":347,\"height\":195} -->\n<div class=\"wp-block-image\"><figure class=\"alignright is-resized\"><img src=\"https:\/\/matriacon.net\/wp-content\/uploads\/cache_6873956-1024x576.jpg\" alt=\"\" class=\"wp-image-8427\" width=\"347\" height=\"195\"\/><\/figure><\/div>\n<!-- \/wp:image -->\n\n<!-- wp:paragraph -->\n<p>Over time an appropriate format emerged\nwhich promotes experimentation with a new culture of interaction. For this\nreason MatriCircles include common rituals, dancing, singing and of course\nsharing pot luck meals. There is also space for listening to each other \u201cwith\nour hearts\u201d, nurturing and having fun.<\/p>\n<!-- \/wp:paragraph -->\n\n<!-- wp:paragraph -->\n<p><strong>During all of this we focus on the following questions (among other things): <\/strong><\/p>\n<!-- \/wp:paragraph -->\n\n<!-- wp:paragraph -->\n<p>What can we learn from existing matriarchies?<\/p>\n<!-- \/wp:paragraph -->\n\n<!-- wp:paragraph -->\n<p>What inspiration do we derive from\nresearching matriarchies of ancient and prehistoric times?<\/p>\n<!-- \/wp:paragraph -->\n\n<!-- wp:paragraph -->\n<p>How can we deepen our matriarchal\nconsciousness and incorporate it into our every day lives? <\/p>\n<!-- \/wp:paragraph -->\n\n<!-- wp:paragraph -->\n<p>How can we convey our knowledge and matriarchal\nvalues to others to transform our patriarchal society into a society focused on\nthe maternal principle (the \u201csymbolic order of mothers\u201d) and the welfare of\neveryone, in which peacefulness and nurturing are core values? <\/p>\n<!-- \/wp:paragraph -->\n\n<!-- wp:image {\"id\":8248,\"align\":\"left\",\"width\":209,\"height\":210} -->\n<div class=\"wp-block-image\"><figure class=\"alignleft is-resized\"><img src=\"https:\/\/matriacon.net\/wp-content\/uploads\/4-Matri-Zirkel-in-Ffm-2.jpg\" alt=\"\" class=\"wp-image-8248\" width=\"209\" height=\"210\"\/><\/figure><\/div>\n<!-- \/wp:image -->\n\n<!-- wp:paragraph -->\n<p>The existing MatriCircles and similar\ngatherings in Germany, Austria and Switzerland grew out of the matriachal\nschools Hagia and Alma Mater. Each regional Circle is organized by a group of\nlocal women. Currently Circles are meeting regularly in Munich, Frankfurt, <a href=\"http:\/\/www.matria.de\/matria\/veranstaltungen.html\" target=\"_blank\" rel=\"noreferrer noopener\">Hamburg<\/a> and Stuttgart. Additional MatriCircles\nare offered through MatriaCon events <a href=\"https:\/\/matriacon.net\/veranstaltungen\/2019\/fortbildung-und-supervision-fuer-botschafterinnen-matriarchalen-bewusstseins\">Veranstaltung<\/a> in April 2019. We offer an <a href=\"http:\/\/s768726063.online.de\/login\/index.php\" target=\"_blank\" rel=\"noreferrer noopener\">online-Plattform<\/a> to network the individual\nCircles.&nbsp; The platform allows MatriCircle\nguides can exchange documents and stay in contact in Forums. Access to this\nonline platform requires registration over info[at]matriacon.net <\/p>\n<!-- \/wp:paragraph -->","_en_post_name":"","_en_post_excerpt":"","_en_post_title":"The meetings","edit_language":"en","ngg_post_thumbnail":0,"footnotes":""},"class_list":["post-1281","page","type-page","status-publish","has-post-thumbnail","hentry"],"jetpack_sharing_enabled":true,"_links":{"self":[{"href":"https:\/\/matriacon.net\/en\/wp-json\/wp\/v2\/pages\/1281","targetHints":{"allow":["GET"]}}],"collection":[{"href":"https:\/\/matriacon.net\/en\/wp-json\/wp\/v2\/pages"}],"about":[{"href":"https:\/\/matriacon.net\/en\/wp-json\/wp\/v2\/types\/page"}],"author":[{"embeddable":true,"href":"https:\/\/matriacon.net\/en\/wp-json\/wp\/v2\/users\/2"}],"replies":[{"embeddable":true,"href":"https:\/\/matriacon.net\/en\/wp-json\/wp\/v2\/comments?post=1281"}],"version-history":[{"count":30,"href":"https:\/\/matriacon.net\/en\/wp-json\/wp\/v2\/pages\/1281\/revisions"}],"predecessor-version":[{"id":11468,"href":"https:\/\/matriacon.net\/en\/wp-json\/wp\/v2\/pages\/1281\/revisions\/11468"}],"wp:featuredmedia":[{"embeddable":true,"href":"https:\/\/matriacon.net\/en\/wp-json\/wp\/v2\/media\/4299"}],"wp:attachment":[{"href":"https:\/\/matriacon.net\/en\/wp-json\/wp\/v2\/media?parent=1281"}],"curies":[{"name":"wp","href":"https:\/\/api.w.org\/{rel}","templated":true}]}}