{"id":163,"date":"2019-01-04T13:23:53","date_gmt":"2019-01-04T13:23:53","guid":{"rendered":"http:\/\/test.lan\/?page_id=3"},"modified":"2019-04-12T19:07:45","modified_gmt":"2019-04-12T19:07:45","slug":"","status":"publish","type":"page","link":"https:\/\/matriacon.net\/en\/datenschutzerklaerung\/","title":{"rendered":"","raw":""},"content":{"rendered":"","protected":false,"raw":""},"excerpt":{"rendered":"","protected":false,"raw":""},"author":2,"featured_media":10113,"parent":0,"menu_order":0,"comment_status":"closed","ping_status":"closed","template":"","meta":{"_de_post_content":"<!-- wp:paragraph -->\n<p><strong>Allgemeine Hinweise und Pflichtinformationen<\/strong><\/p>\n<!-- \/wp:paragraph -->\n\n<!-- wp:paragraph -->\n<p>Die folgenden Hinweise und Informationen geben einen \u00dcberblick dar\u00fcber, was mit Ihren personenbezogenen Daten passiert, wenn Sie unsere Website besuchen. Personenbezogene Daten sind alle Daten, mit denen Sie pers\u00f6nlich identifiziert werden k\u00f6nnen. Ausf\u00fchrliche Informationen entnehmen Sie unserer unten stehenden  Datenschutzerkl\u00e4rung.<\/p>\n<!-- \/wp:paragraph -->\n\n<!-- wp:paragraph -->\n<p><strong>Datenschutz<\/strong><\/p>\n<!-- \/wp:paragraph -->\n\n<!-- wp:paragraph -->\n<p> Die BetreiberInnen dieser Seiten nehmen den Schutz Ihrer pers\u00f6nlichen Daten sehr ernst. Wir behandeln Ihre personenbezogenen Daten vertraulich und entsprechend der gesetzlichen Datenschutzvorschriften sowie dieser Datenschutzerkl\u00e4rung.<\/p>\n<!-- \/wp:paragraph -->\n\n<!-- wp:paragraph -->\n<p>Wenn Sie diese Website benutzen, werden verschiedene personenbezogene Daten erhoben. Personenbezogene Daten sind Daten, mit denen Sie pers\u00f6nlich identifiziert werden k\u00f6nnen. Die vorliegende Datenschutzerkl\u00e4rung erl\u00e4utert, welche Daten wir erheben und wof\u00fcr wir sie nutzen. Sie erl\u00e4utert auch, wie und zu welchem Zweck das geschieht.<\/p>\n<!-- \/wp:paragraph -->\n\n<!-- wp:paragraph -->\n<p>Wir weisen darauf hin, dass die Daten\u00fcbertragung im Internet (z.B. bei der Kommunikation per E-Mail oder \u00fcber per Kontaktformular) Sicherheitsl\u00fccken aufweisen kann, so dass ein absoluter Schutz nicht gew\u00e4hrleistet werden kann. <\/p>\n<!-- \/wp:paragraph -->\n\n<!-- wp:paragraph -->\n<p><strong>Benennung der verantwortlichen Stelle<\/strong><\/p>\n<!-- \/wp:paragraph -->\n\n<!-- wp:paragraph -->\n<p>Die verantwortliche Stelle f\u00fcr die Datenverarbeitung auf dieser Website ist:<\/p>\n<!-- \/wp:paragraph -->\n\n<!-- wp:paragraph -->\n<p>MatriaVal e.V.<br>Ursula Madeisky <br>Im Klingenfeld 37<br>60435 Frankfurt<br>info@matriacon.net<br>Telefon +49(0)69 95507031<\/p>\n<!-- \/wp:paragraph -->\n\n<!-- wp:paragraph -->\n<p>Die verantwortliche Stelle entscheidet allein oder gemeinsam mit anderen \u00fcber die Zwecke und Mittel der Verarbeitung von personenbezogenen Daten (z. B. Namen, Kontaktdaten o. \u00c4.).<\/p>\n<!-- \/wp:paragraph -->\n\n<!-- wp:paragraph -->\n<p><strong>Daten bei der Kontaktaufnahme<\/strong><\/p>\n<!-- \/wp:paragraph -->\n\n<!-- wp:paragraph -->\n<p>Personenbezogene Daten, die Sie freiwillig zum Zwecke der Kontaktaufnahme oder zur Zusendung von Dokumenten o. \u00e4. an uns \u00fcbermitteln, werden nur zu diesem Zweck erhoben, verarbeitet und genutzt, es sei denn, Sie willigen zu weiteren Zwecken ein.<\/p>\n<!-- \/wp:paragraph -->\n\n<!-- wp:paragraph -->\n<p>Um Ihnen die Anmeldung zu Veranstaltungen zu erleichtern, haben wir ein Anmeldeformular  auf unserer Website eingef\u00fcgt. Per Anmeldeformular \u00fcbermittelte Daten werden einschlie\u00dflich Ihrer Kontaktdaten gespeichert, um Ihre Anfrage bearbeiten zu k\u00f6nnen oder um f\u00fcr Anschlussfragen bereitzustehen. Eine Weitergabe dieser Daten findet ohne Ihre Einwilligung nicht statt.<\/p>\n<!-- \/wp:paragraph -->\n\n<!-- wp:paragraph -->\n<p>Die Verarbeitung der von Ihnen \u00fcbermittelten Daten erfolgt ausschlie\u00dflich auf Grundlage Ihrer Einwilligung (Art. 6 Abs. 1 lit. a DSGVO). Ein Widerruf Ihrer bereits erteilten Einwilligung ist jederzeit m\u00f6glich. F\u00fcr den Widerruf gen\u00fcgt eine formlose Mitteilung per E-Mail. Die Rechtm\u00e4\u00dfigkeit der bis zum Widerruf erfolgten Datenverarbeitungsvorg\u00e4nge bleibt vom Widerruf unber\u00fchrt.<\/p>\n<!-- \/wp:paragraph -->\n\n<!-- wp:paragraph -->\n<p><strong>Widerruf Ihrer Einwilligung zur Datenverarbeitung<\/strong><\/p>\n<!-- \/wp:paragraph -->\n\n<!-- wp:paragraph -->\n<p>Nur mit Ihrer ausdr\u00fccklichen Einwilligung sind einige Vorg\u00e4nge der Datenverarbeitung m\u00f6glich. Ein Widerruf Ihrer bereits erteilten Einwilligung ist jederzeit m\u00f6glich. F\u00fcr den Widerruf gen\u00fcgt eine formlose Mitteilung per E-Mail. Die Rechtm\u00e4\u00dfigkeit der bis zum Widerruf erfolgten Datenverarbeitung bleibt vom Widerruf unber\u00fchrt.<\/p>\n<!-- \/wp:paragraph -->\n\n<!-- wp:paragraph -->\n<p><strong>Recht auf Beschwerde bei der zust\u00e4ndigen Aufsichtsbeh\u00f6rde<\/strong><\/p>\n<!-- \/wp:paragraph -->\n\n<!-- wp:paragraph -->\n<p>Als Betroffener steht Ihnen im Falle eines datenschutzrechtlichen Versto\u00dfes ein Beschwerderecht bei der zust\u00e4ndigen Aufsichtsbeh\u00f6rde zu. Zust\u00e4ndige Aufsichtsbeh\u00f6rde bez\u00fcglich datenschutzrechtlicher Fragen ist der Landesdatenschutzbeauftragte des Bundeslandes, in dem sich der Sitz unseres Vereins befindet. Der folgende Link stellt eine Liste der Datenschutzbeauftragten sowie deren Kontaktdaten bereit: <a href=\"https:\/\/www.bfdi.bund.de\/DE\/Infothek\/Anschriften_Links\/anschriften_links-node.html\">https:\/\/www.bfdi.bund.de\/DE\/Infothek\/Anschriften_Links\/anschriften_links-node.html<\/a>.<\/p>\n<!-- \/wp:paragraph -->\n\n<!-- wp:paragraph -->\n<p><strong>Recht auf Daten\u00fcbertragbarkeit<\/strong><\/p>\n<!-- \/wp:paragraph -->\n\n<!-- wp:paragraph -->\n<p>Ihnen steht das Recht zu, Daten, die wir auf Grundlage Ihrer Einwilligung oder in Erf\u00fcllung eines Vertrags automatisiert verarbeiten, an sich oder an Dritte aush\u00e4ndigen zu lassen. Die Bereitstellung erfolgt in einem maschinenlesbaren Format. Sofern Sie die direkte \u00dcbertragung der Daten an einen anderen Verantwortlichen verlangen, erfolgt dies nur, soweit es technisch machbar ist.<\/p>\n<!-- \/wp:paragraph -->\n\n<!-- wp:paragraph -->\n<p><strong>Recht auf Auskunft, Berichtigung, Sperrung, L\u00f6schung<\/strong><\/p>\n<!-- \/wp:paragraph -->\n\n<!-- wp:paragraph -->\n<p>Sie haben jederzeit im Rahmen der geltenden gesetzlichen Bestimmungen das Recht auf unentgeltliche Auskunft \u00fcber Ihre gespeicherten personenbezogenen Daten, Herkunft der Daten, deren Empf\u00e4nger und den Zweck der Datenverarbeitung und ggf. ein Recht auf Berichtigung, Sperrung oder L\u00f6schung dieser Daten. Diesbez\u00fcglich und auch zu weiteren Fragen zum Thema personenbezogene Daten k\u00f6nnen Sie sich jederzeit \u00fcber die im Impressum aufgef\u00fchrten Kontaktm\u00f6glichkeiten an uns wenden.<\/p>\n<!-- \/wp:paragraph -->\n\n<!-- wp:paragraph -->\n<p><strong>SSL- bzw. TLS-Verschl\u00fcsselung<\/strong><\/p>\n<!-- \/wp:paragraph -->\n\n<!-- wp:paragraph -->\n<p>Aus Sicherheitsgr\u00fcnden und zum Schutz der \u00dcbertragung vertraulicher Inhalte, die Sie an uns als Seitenbetreiber senden, nutzt unsere Webseite eine SSL-bzw. TLS-Verschl\u00fcsselung. Damit sind Daten, die Sie \u00fcber diese Webseite \u00fcbermitteln, f\u00fcr Dritte nicht mitlesbar. Sie erkennen eine verschl\u00fcsselte Verbindung an der \u201ehttps:\/\/\u201c Adresszeile Ihres Browsers und am Schloss-Symbol in der Browserzeile.<\/p>\n<!-- \/wp:paragraph -->\n\n<!-- wp:paragraph -->\n<p><strong>Links zu anderen Websites<\/strong><\/p>\n<!-- \/wp:paragraph -->\n\n<!-- wp:paragraph -->\n<p>Unsere Website enth\u00e4lt Links zu anderen Webseiten, die im Besitz anderer Webseiten-Betreiber sind. Wenn Sie verlinkte Webseiten besuchen, raten wir Ihnen, die jeweiligen Datenschutzerkl\u00e4rungen aufmerksam zu lesen, da sie sich von unserer unterscheiden k\u00f6nnen. Wir sind nicht f\u00fcr den Inhalt oder die Datenschutzpraktiken von Webseiten verantwortlich, die im Besitz anderer Betreiber sind.<\/p>\n<!-- \/wp:paragraph -->\n\n<!-- wp:paragraph -->\n<p><strong>Einbindung von Diensten und Inhalten Dritter<\/strong><\/p>\n<!-- \/wp:paragraph -->\n\n<!-- wp:paragraph -->\n<p>Es kann vorkommen, dass auf unserer Website Inhalte Dritter, wie zum Beispiel Videos, Bilder, Texte und Multi-Media-Dateien, Kartenmaterial, RSS-Feeds oder Dienste von anderen Webseiten eingebunden werden. Die Darstellung der Inhalte setzt immer eine \u00dcbermittlung Ihrer IP-Adresse an die Anbieter dieser Inhalte voraus.  Wir k\u00f6nnen keine Aussage treffen \u00fcber und haben keinen Einfluss auf die tats\u00e4chliche Verwendung Ihrer Daten bei diesen Anbietern, insbesondere, ob die Daten \u00fcber die Auslieferung der Daten hinaus noch f\u00fcr weitere Zwecke wie etwa der Profilbildung genutzt werden. Sofern uns Details bekannt sind kl\u00e4ren wir in u.a. besonderen Datenschutz-Erkl\u00e4rungen dar\u00fcber auf.<\/p>\n<!-- \/wp:paragraph -->\n\n<!-- wp:paragraph -->\n<p><strong>YouTube<\/strong><\/p>\n<!-- \/wp:paragraph -->\n\n<!-- wp:paragraph -->\n<p>Auf manchen unserer Webseiten werden YouTube-Videos eingebunden, betrieben von YouTube, LLC 901 Cherry Ave. San Bruno, CA 94066 USA (\u201eYouTube\u201c). Bei Aufruf einer Seite mit integriertem YouTube-Plugin wird eine Verbindung zu den Servern von YouTube hergestellt. YouTube erf\u00e4hrt hierdurch, welche unserer Seiten Sie aufgerufen haben.<\/p>\n<!-- \/wp:paragraph -->\n\n<!-- wp:paragraph -->\n<p>YouTube kann Ihr Surfverhalten direkt Ihrem pers\u00f6nlichen Profil zuordnen, sollten Sie in Ihrem YouTube Konto eingeloggt sein. Durch vorheriges Ausloggen haben Sie die M\u00f6glichkeit, dies zu unterbinden.<\/p>\n<!-- \/wp:paragraph -->\n\n<!-- wp:paragraph -->\n<p>Die Nutzung von YouTube erfolgt im Interesse einer ansprechenden Darstellung unserer Online-Angebote. Dies stellt ein berechtigtes Interesse im Sinne von Art. 6 Abs. 1 lit. f DSGVO dar.<\/p>\n<!-- \/wp:paragraph -->\n\n<!-- wp:paragraph -->\n<p>YouTube ist ein Dienst von Google, Google Inc., 1600 Amphitheatre Parkway, Mountain View, CA 94043, USA. Beim Aufruf der Webseite, die ein Video enth\u00e4lt, wird \u00fcber Ihren Browser f\u00fcr den Download des Vorschaubildes kurzfristig eine Verbindung zu Servern von Google aufgebaut. Google registriert dabei Ihre IP-Adresse und f\u00fchrt diese mit anderen Informationen zusammen, die Google selbst (sofern Sie bei Google eingeloggt sind) oder von anderen Webseiten \u00fcber Sie als (tempor\u00e4ren) Inhaber dieser Webpage erh\u00e4lt. Ferner setzt Google ein Cookie (s. unten). Google wird Ihre Daten auch mit anderen Daten \u00fcber Sie von anderen Google-Diensten in Verbindung bringen. Durch die Nutzung unserer Webseite erkl\u00e4ren Sie sich mit der Bearbeitung der \u00fcber Sie erhobenen Daten durch Google in der beschriebenen Art und Weise und zu dem benannten Zweck einverstanden.<\/p>\n<!-- \/wp:paragraph -->\n\n<!-- wp:paragraph -->\n<p>Einzelheiten zum Umgang mit Nutzerdaten finden Sie in der Datenschutzerkl\u00e4rung von YouTube unter: <a href=\"https:\/\/www.youtube.com\/\">https:\/\/www.youtube.com\/<\/a> und Google unter <a href=\"https:\/\/www.google.de\/intl\/de\/policies\/privacy\">https:\/\/www.google.de\/intl\/de\/policies\/privacy<\/a>. <\/p>\n<!-- \/wp:paragraph -->\n\n<!-- wp:paragraph -->\n<p><strong>Cookies<\/strong><\/p>\n<!-- \/wp:paragraph -->\n\n<!-- wp:paragraph -->\n<p>Unsere Website verwendet Cookies. Das sind kleine Textdateien, die Ihr Webbrowser auf Ihrem Endger\u00e4t speichert. Cookies helfen uns dabei, unser Angebot nutzerfreundlicher, effektiver und sicherer zu machen. Einige Cookies sind \u201cSession-Cookies.\u201d Solche Cookies werden nach Ende Ihrer Browser-Sitzung von selbst gel\u00f6scht. Hingegen bleiben andere Cookies auf Ihrem Endger\u00e4t bestehen, bis Sie diese selbst l\u00f6schen. Solche Cookies helfen uns, Sie bei R\u00fcckkehr auf unserer Webseite wiederzuerkennen.<\/p>\n<!-- \/wp:paragraph -->\n\n<!-- wp:paragraph -->\n<p>Mit einem modernen Webbrowser k\u00f6nnen Sie das Setzen von Cookies \u00fcberwachen, einschr\u00e4nken oder unterbinden. Viele Webbrowser lassen sich so konfigurieren, dass Cookies mit dem Schlie\u00dfen des Programms von selbst gel\u00f6scht werden. Die Deaktivierung von Cookies kann eine eingeschr\u00e4nkte Funktionalit\u00e4t unserer Website zur Folge haben.<\/p>\n<!-- \/wp:paragraph -->\n\n<!-- wp:paragraph -->\n<p>Das Setzen von Cookies, die zur Aus\u00fcbung elektronischer Kommunikationsvorg\u00e4nge oder der Bereitstellung bestimmter, von Ihnen erw\u00fcnschter Funktionen notwendig sind, erfolgt auf Grundlage von Art. 6 Abs. 1 lit. f DSGVO. Als Betreiber dieser Website haben wir ein berechtigtes Interesse an der Speicherung von Cookies zur technisch fehlerfreien und reibungslosen Bereitstellung unserer Dienste. Sofern die Setzung anderer Cookies (z.B. f\u00fcr Analyse-Funktionen) erfolgt, werden diese in dieser Datenschutzerkl\u00e4rung separat behandelt.<\/p>\n<!-- \/wp:paragraph -->\n\n<!-- wp:paragraph -->\n<p><strong>Allgemeine Aussagen zu WebBeacons \/ Tracking-Pixel<\/strong><\/p>\n<!-- \/wp:paragraph -->\n\n<!-- wp:paragraph -->\n<p>WebBeacons sind unsichtbare Grafiken mit der Gr\u00f6\u00dfe von einem Pixel. Diese werden durch Partnerunternehmen insbesondere zum Zwecke der Verfolgung (Tracking) eines Nutzers \u00fcber verschiedene Webseiten zur Profilbildung zum Einsatz bei auf den Nutzer zugeschnittener Werbung (Targeting) eingesetzt. Ein in die Website eingebundener Pixel wird bei Aufruf der Website vom Server des Partners geladen. Damit erh\u00e4lt der Partner Ihre IP-Adresse, sowie Informationen \u00fcber Ihren Browser und dessen Version sowie genutzte Browser-Plugins (Browser-Fingerprint), \u00fcber Ihr Betriebssystem sowie \u00fcber Ihren Netzbetreiber.<br><\/p>\n<!-- \/wp:paragraph -->\n\n<!-- wp:paragraph -->\n<p><strong>Zugriffsdaten \/ Server-Logfiles<\/strong><\/p>\n<!-- \/wp:paragraph -->\n\n<!-- wp:paragraph -->\n<p>Tracking und Logging sind standardm\u00e4\u00dfig f\u00fcr unsere Website aktiviert. Die Daten werden entweder durch einen Pixel oder durch ein Logfile ermittelt. Es werden also bei der Nutzung Daten \u00fcber jeden Zugriff auf das Angebot (so genannte Serverlogfiles) erhoben. Zu den Zugriffsdaten geh\u00f6ren: Name der abgerufenen Seite, Datum und Uhrzeit des Zugriffs, \u00fcbertragenes Datenvolumen, evtl. Fehlermeldungen, Browsertyp, Browserversion, Betriebssystem, zuvor besuchte Seite (Referrer URL), IP-Adresse, Provider\/Netzwerk.<\/p>\n<!-- \/wp:paragraph -->\n\n<!-- wp:paragraph -->\n<p>Wir verwenden die Logfiles nur f\u00fcr statistische Auswertungen zum Zweck des Betriebs, der Sicherheit und der Optimierung des Angebotes. Wir behalten uns vor, die Dateien zu \u00fcberpr\u00fcfen, wenn aufgrund konkreter Anhaltspunkte der berechtigte Verdacht einer rechtswidrigen Nutzung besteht.<\/p>\n<!-- \/wp:paragraph -->\n\n<!-- wp:paragraph -->\n<p><strong>Inhalte externer Anbieter<\/strong><\/p>\n<!-- \/wp:paragraph -->\n\n<!-- wp:paragraph -->\n<p>Auf unserer Website k\u00f6nnen aktive JavaScript-Inhalte und Schriftarten enthalten sein, die auch von externen Anbietern wie z.B. Google stammen k\u00f6nnen. Durch Aufruf unserer Website erhalten diese Anbieter ggf. Information \u00fcber Ihren Besuch auf unserer Website, etwa durch \u00dcbertragung Ihrer IP-Adresse. Sie k\u00f6nnen diese \u00dcbermittlung unterbinden, indem Sie einen JavaScript-Blocker wie z.B. das Browser-Plugin 'NoScript' installieren oder JavaScript in Ihrem Browser deaktivieren. Dies kann allerdings zu Funktionsein-schr\u00e4nkungen f\u00fchren.<\/p>\n<!-- \/wp:paragraph -->\n\n<!-- wp:paragraph -->\n<p><strong>\u00c4nderungen der Datenschutzerkl\u00e4rung<\/strong><\/p>\n<!-- \/wp:paragraph -->\n\n<!-- wp:paragraph -->\n<p>Wir behalten uns vor, die Datenschutzerkl\u00e4rung zu \u00e4ndern, um sie an ge\u00e4nderte Rechtslagen, oder bei \u00c4nderungen des Dienstes sowie der Datenverarbeitung anzupassen.<\/p>\n<!-- \/wp:paragraph -->\n\n<!-- wp:paragraph -->\n<p>Wir bitten Sie daher, sich regelm\u00e4\u00dfig \u00fcber deren Inhalt zu informieren, insbesondere wenn Sie erneut personenbezogene Informationen mitteilen.<\/p>\n<!-- \/wp:paragraph -->\n\n<!-- wp:paragraph -->\n<p>Stand: 18.06.2018<\/p>\n<!-- \/wp:paragraph -->","_de_post_name":"datenschutzerklaerung","_de_post_excerpt":"","_de_post_title":"Datenschutzerkl\u00e4rung","_en_post_content":"","_en_post_name":"","_en_post_excerpt":"","_en_post_title":"","edit_language":"en","ngg_post_thumbnail":0,"footnotes":""},"class_list":["post-163","page","type-page","status-publish","has-post-thumbnail","hentry"],"jetpack_sharing_enabled":true,"_links":{"self":[{"href":"https:\/\/matriacon.net\/en\/wp-json\/wp\/v2\/pages\/163","targetHints":{"allow":["GET"]}}],"collection":[{"href":"https:\/\/matriacon.net\/en\/wp-json\/wp\/v2\/pages"}],"about":[{"href":"https:\/\/matriacon.net\/en\/wp-json\/wp\/v2\/types\/page"}],"author":[{"embeddable":true,"href":"https:\/\/matriacon.net\/en\/wp-json\/wp\/v2\/users\/2"}],"replies":[{"embeddable":true,"href":"https:\/\/matriacon.net\/en\/wp-json\/wp\/v2\/comments?post=163"}],"version-history":[{"count":2,"href":"https:\/\/matriacon.net\/en\/wp-json\/wp\/v2\/pages\/163\/revisions"}],"predecessor-version":[{"id":10219,"href":"https:\/\/matriacon.net\/en\/wp-json\/wp\/v2\/pages\/163\/revisions\/10219"}],"wp:featuredmedia":[{"embeddable":true,"href":"https:\/\/matriacon.net\/en\/wp-json\/wp\/v2\/media\/10113"}],"wp:attachment":[{"href":"https:\/\/matriacon.net\/en\/wp-json\/wp\/v2\/media?parent=163"}],"curies":[{"name":"wp","href":"https:\/\/api.w.org\/{rel}","templated":true}]}}