{"id":25,"date":"2019-01-04T21:17:38","date_gmt":"2019-01-04T21:17:38","guid":{"rendered":"http:\/\/test.lan\/?page_id=25"},"modified":"2021-01-06T11:54:45","modified_gmt":"2021-01-06T11:54:45","slug":"","status":"publish","type":"page","link":"https:\/\/matriacon.net\/en\/materialien\/","title":{"rendered":"MATERials","raw":"MATERials"},"content":{"rendered":"\n<h2 class=\"wp-block-heading\" id=\"mce_0\">&#8230; to read, to admire, to research, to buy and to donate &#8230;<\/h2>\n","protected":false,"raw":"<!-- wp:heading -->\n<h2 id=\"mce_0\">... to read, to admire, to research, to buy and to donate ...<\/h2>\n<!-- \/wp:heading -->"},"excerpt":{"rendered":"","protected":false,"raw":""},"author":2,"featured_media":8983,"parent":0,"menu_order":0,"comment_status":"closed","ping_status":"closed","template":"","meta":{"_de_post_content":"<!-- wp:heading -->\n<h2>... zum Lesen ... zum Anschauen ... zum Forschen ... zum Kaufen ... zum Schenken ...<\/h2>\n<!-- \/wp:heading -->\n\n<h4>&nbsp;<\/h4>\n<h4><span style=\"color: #800080;\">Alle hier vorgstellten MATER-ialien sind von Frauen geschaffen worden, die sich in ihrem jeweiligen Metier der Vermittlung und Umsetzung matriarchaler Themen widmen.<\/span><\/h4>\n<p>&nbsp;<\/p>\n\n<!-- wp:image {\"align\":\"left\",\"id\":8264,\"width\":377,\"height\":204,\"linkDestination\":\"custom\"} -->\n<div class=\"wp-block-image\"><figure class=\"alignleft is-resized\"><a href=\"https:\/\/matriacon.net\/materialien\/matriawis\"><img src=\"https:\/\/matriacon.net\/wp-content\/uploads\/MatriaWis-2.png\" alt=\"\" class=\"wp-image-8264\" width=\"377\" height=\"204\"\/><\/a><\/figure><\/div>\n<!-- \/wp:image -->\n\n<!-- wp:paragraph -->\n<p>Au\u00dferdem findet Ihr hier einen Beitrag \u00fcber <a href=\"https:\/\/matriacon.net\/materialien\/matriawis\">MatriaWis<\/a>, das Archiv f\u00fcr matriarchale Weisheit sowie eine <a href=\"https:\/\/matriacon.net\/materialien\/quellenverzeichnis\">Liste der Quellen<\/a> aus MatriaWis.<\/p>\n<!-- \/wp:paragraph -->\n\n<!-- wp:spacer {\"height\":42} -->\n<div style=\"height:42px\" aria-hidden=\"true\" class=\"wp-block-spacer\"><\/div>\n<!-- \/wp:spacer -->\n\n<!-- wp:image {\"align\":\"right\",\"id\":7316,\"width\":338,\"height\":136,\"linkDestination\":\"custom\"} -->\n<div class=\"wp-block-image\"><figure class=\"alignright is-resized\"><a href=\"https:\/\/matriacon.net\/materialien\/die-mutterlandbriefe\"><img src=\"https:\/\/matriacon.net\/wp-content\/uploads\/Mutterlandbriefe-Logo.png\" alt=\"\" class=\"wp-image-7316\" width=\"338\" height=\"136\"\/><\/a><\/figure><\/div>\n<!-- \/wp:image -->\n\n<!-- wp:paragraph -->\n<p>Ein Beitrag widmet sich den <a href=\"https:\/\/matriacon.net\/materialien\/die-mutterlandbriefe\">Mutterlandbriefen<\/a>, die viermal im Jahr erscheinen.<\/p>\n<!-- \/wp:paragraph -->\n\n<!-- wp:spacer {\"height\":42} -->\n<div style=\"height:42px\" aria-hidden=\"true\" class=\"wp-block-spacer\"><\/div>\n<!-- \/wp:spacer -->\n\n<!-- wp:image {\"align\":\"left\",\"id\":9604,\"width\":127,\"height\":180} -->\n<div class=\"wp-block-image\"><figure class=\"alignleft is-resized\"><img src=\"https:\/\/matriacon.net\/wp-content\/uploads\/AmHerdfeuer1-2.jpg\" alt=\"\" class=\"wp-image-9604\" width=\"127\" height=\"180\"\/><\/figure><\/div>\n<!-- \/wp:image -->\n\n<!-- wp:paragraph -->\n<p>Die<a href=\"https:\/\/matriacon.net\/category\/filme\"> Filme<\/a> und <a href=\"https:\/\/matriacon.net\/category\/buecher\">B\u00fccher<\/a> von Uscha Madeisky, Dagmar Margotsdotter, Daniela Parr und einigen anderen Autorinnen sind selbstverst\u00e4ndlich k\u00e4uflich zu erwerben. Hier stellen wir eine Auswahl vor. Diese sowie weitere B\u00fccher und Filme sind auf der Seite <a href=\"http:\/\/www.tomult.de\">www.tomult.de<\/a> zu finden.<\/p>\n<!-- \/wp:paragraph -->\n\n<!-- wp:spacer {\"height\":42} -->\n<div style=\"height:42px\" aria-hidden=\"true\" class=\"wp-block-spacer\"><\/div>\n<!-- \/wp:spacer -->\n\n<!-- wp:group -->\n<div class=\"wp-block-group\"><div class=\"wp-block-group__inner-container\"><!-- wp:group -->\n<div class=\"wp-block-group\"><div class=\"wp-block-group__inner-container\"><!-- wp:paragraph {\"style\":{\"typography\":{\"fontSize\":15}}} -->\n<p style=\"font-size:15px\">Hier findet Ihr eine Auswahl an <a href=\"https:\/\/matriacon.net\/materialien\/interviews\">Interviews<\/a>.<\/p>\n<!-- \/wp:paragraph -->\n\n<!-- wp:spacer {\"height\":42} -->\n<div style=\"height:42px\" aria-hidden=\"true\" class=\"wp-block-spacer\"><\/div>\n<!-- \/wp:spacer -->\n\n<!-- wp:paragraph {\"style\":{\"typography\":{\"fontSize\":15}}} -->\n<p style=\"font-size:15px\">Hier findet ihr eine Auswahl an <a rel=\"noreferrer noopener\" href=\"https:\/\/matriacon.net\/materialien\/kunsthandwerk\" data-type=\"URL\" data-id=\"https:\/\/matriacon.net\/materialien\/kunsthandwerk\" target=\"_blank\">Kunsthandwerk<\/a> (T\u00fccher, Schals,  Wimpel, <br>T-Shirts) von Gerlinde Hofmann, bekannt aus den Mutterlandbriefen. Dazu Informationen rund um die K\u00fcnstlerin. <\/p>\n<!-- \/wp:paragraph --><\/div><\/div>\n<!-- \/wp:group --><\/div><\/div>\n<!-- \/wp:group -->\n\n<!-- wp:paragraph -->\n<p><\/p>\n<!-- \/wp:paragraph -->","_de_post_name":"materialien","_de_post_excerpt":"","_de_post_title":"Die MATERialien","_en_post_content":"<!-- wp:heading -->\n<h2 id=\"mce_0\">... to read, to admire, to research, to buy and to donate ...<\/h2>\n<!-- \/wp:heading -->","_en_post_name":"","_en_post_excerpt":"","_en_post_title":"MATERials","edit_language":"en","ngg_post_thumbnail":0,"footnotes":""},"class_list":["post-25","page","type-page","status-publish","has-post-thumbnail","hentry"],"jetpack_sharing_enabled":true,"_links":{"self":[{"href":"https:\/\/matriacon.net\/en\/wp-json\/wp\/v2\/pages\/25","targetHints":{"allow":["GET"]}}],"collection":[{"href":"https:\/\/matriacon.net\/en\/wp-json\/wp\/v2\/pages"}],"about":[{"href":"https:\/\/matriacon.net\/en\/wp-json\/wp\/v2\/types\/page"}],"author":[{"embeddable":true,"href":"https:\/\/matriacon.net\/en\/wp-json\/wp\/v2\/users\/2"}],"replies":[{"embeddable":true,"href":"https:\/\/matriacon.net\/en\/wp-json\/wp\/v2\/comments?post=25"}],"version-history":[{"count":46,"href":"https:\/\/matriacon.net\/en\/wp-json\/wp\/v2\/pages\/25\/revisions"}],"predecessor-version":[{"id":11411,"href":"https:\/\/matriacon.net\/en\/wp-json\/wp\/v2\/pages\/25\/revisions\/11411"}],"wp:featuredmedia":[{"embeddable":true,"href":"https:\/\/matriacon.net\/en\/wp-json\/wp\/v2\/media\/8983"}],"wp:attachment":[{"href":"https:\/\/matriacon.net\/en\/wp-json\/wp\/v2\/media?parent=25"}],"curies":[{"name":"wp","href":"https:\/\/api.w.org\/{rel}","templated":true}]}}