{"id":35,"date":"2019-01-04T21:17:39","date_gmt":"2019-01-04T20:17:39","guid":{"rendered":"http:\/\/test.lan\/?page_id=28"},"modified":"2023-04-06T12:21:07","modified_gmt":"2023-04-06T12:21:07","slug":"","status":"publish","type":"page","link":"https:\/\/matriacon.net\/en\/impressum\/","title":{"rendered":"","raw":""},"content":{"rendered":"","protected":false,"raw":""},"excerpt":{"rendered":"","protected":false,"raw":""},"author":2,"featured_media":9870,"parent":0,"menu_order":0,"comment_status":"closed","ping_status":"closed","template":"","meta":{"_de_post_content":"<!-- wp:paragraph -->\n<p>Inhaltlich verantwortlich:<\/p>\n<!-- \/wp:paragraph -->\n\n<!-- wp:paragraph -->\n<p><strong>MatriaVal e.V.<\/strong><br>Im Klingenfeld 37<br>60435 Frankfurt am Main<br>Tel.: +49(0)69 95507031<br>Mail: info@matriacon.net<br>www.matriacon.net<\/p>\n<!-- \/wp:paragraph -->\n\n<!-- wp:paragraph -->\n<p><strong>Vertreten durch den Vorstand:<\/strong><br>Ursula Madeisky, Vorsitzende<br>Dagmar Margotsdotter, stellv. Vorsitzende<br>Hemma Ecker<br> <\/p>\n<!-- \/wp:paragraph -->\n\n<!-- wp:html -->\n<p>Steuernummer<br> Finanzamt Frankfurt am Main III<br> Steuernummer 045 250 58919<br><br>Vereinsregister: VR 13 742<\/p>\n<!-- \/wp:html -->\n\n<!-- wp:paragraph -->\n<p><strong>Hinweis<\/strong><br>Namentlich gekennzeichnete Beitr\u00e4ge m\u00fcssen nicht die Meinung der Redaktion wiedergeben. Bildrechte liegen, falls nicht anders angegeben, bei MatriaVal e.V.<\/p>\n<!-- \/wp:paragraph -->\n\n<!-- wp:html -->\n<h5><strong>Bildrechte<\/strong><\/h5><ul><li>Grafiken \u00a9 Ilona Metscher<\/li><li>Seite \"Die Kabylinnen\": Titelbild und 2. Bild im Text: Dr. Malika Grasshoff<\/li><li>Seite \"7 Klanm\u00fctter?\": Titelbild und Bild 3 und 4 der Galerie sowie Seite \"Matriarchale Spiritualit\u00e4t\" Titelbild: Landesamt fu\u0308r Denkmalpflege BW<\/li><li>Seite \"Teilnehmerinnen-Stimmen\", 2. Bild: Renate Fuchs-Haberl<\/li><\/ul>\n<!-- \/wp:html -->\n\n<!-- wp:paragraph -->\n<p><strong>Webseiten-Gestaltung<\/strong><br>Redaktion: Ursula Madeisky,  Dagmar Margotsdotter, Kerstin Bach<br>Design und technische Umsetzung: Kerstin Bach<br>Logo-Gestaltung: Ilona Metscher <br>Englische \u00dcbersetzung: Kelly Herndon<\/p>\n<!-- \/wp:paragraph -->\n\n<!-- wp:html -->\n<h5>Design-Vorlage: <a href=\"https:\/\/dcrazed.net\">Designscrazed<\/a>\n<br><br>auf Grundlage von <a href=\"https:\/\/wordpress.org\">WordPress<\/a> unter Verwendung der Erweiterungen:<\/h5><ul>\n<li>Hello Dolly For Your Song von <a href=\"https:\/\/www.unmus.de\">Marco Hitschler<\/a><\/li>\n<li>Leaflet Map von <a href=\"https:\/\/twitter.com\/bozdoz\/\">bozdoz<\/a><\/li>\n<li>Meta Tags von <a href=\"https:\/\/divpusher.com\/\">DivPusher<\/a><\/li>\n<li>PlanSo Forms von <a href=\"http:\/\/forms.planso.de\">PlanSo.de<\/a><\/li>\n<li>Simple Sitemap von <a href=\"http:\/\/www.wpgoplugins.com\/\">David Gwyer<\/a><\/li>\n<li>Sublanguage von <a href=\"http:\/\/sublanguageplugin.wordpress.com\">Maxime Schoenli<\/a><\/li>\n<li>Sublanguage Switcher Widget von <a href=\"https:\/\/www.geschke.net\">Ralf Geschke<\/a><\/li>\n<li>TablePress von <a href=\"https:\/\/tobias.baethge.com\">Tobias B\u00e4thge<\/a><\/li>\n<li>WP Customer Reviews von <a href=\"http:\/\/www.gowebsolutions.com\/\">Go Web Solutions<\/a><\/li>\n<li>wp-publications von <a href=\"http:\/\/www.monperrus.net\/martin\/\">Martin Monperrus<\/a><\/li>\n<\/ul>\n<!-- \/wp:html -->\n\n<!-- wp:paragraph -->\n<p><strong>Bankverbindung<\/strong><br> MatriaVal e.V.<br> IBAN: DE19 50050201 0200367170<br> BIC: HELADEF1822<\/p>\n<!-- \/wp:paragraph -->\n\n<!-- wp:html -->\n<h3><u>Haftungsausschluss:<\/u><\/h3>\n<!-- \/wp:html -->\n\n<!-- wp:paragraph -->\n<p><strong>Inhalt des Onlineangebotes<\/strong><br> Wir \u00fcbernehmen keinerlei Gew\u00e4hr f\u00fcr die Aktualit\u00e4t, Korrektheit, Vollst\u00e4ndigkeit oder Qualit\u00e4t der bereitgestellten Informationen. Haftungsanspr\u00fcche uns gegen\u00fcber, welche sich auf Sch\u00e4den materieller oder ideeller Art beziehen, die durch die Nutzung oder Nichtnutzung der dargebotenen Informationen bzw. durch die Nutzung fehlerhafter und unvollst\u00e4ndiger Informationen verursacht wurden, sind grunds\u00e4tzlich ausgeschlossen, sofern von uns kein nachweislich vors\u00e4tzliches oder grob fahrl\u00e4ssiges Verschulden vorliegt.<\/p>\n<!-- \/wp:paragraph -->\n\n<!-- wp:paragraph -->\n<p>Alle Angebote sind freibleibend und unverbindlich. Wir behalten es uns ausdr\u00fccklich vor, Teile der Seiten oder das gesamte Angebot ohne gesonderte Ank\u00fcndigung zu ver\u00e4ndern, zu erg\u00e4nzen, zu l\u00f6schen oder die Ver\u00f6ffentlichung zeitweise oder endg\u00fcltig einzustellen.<\/p>\n<!-- \/wp:paragraph -->\n\n<!-- wp:paragraph -->\n<p><strong>Verweise und Links<\/strong><br> Bei direkten oder indirekten Verweisen auf fremde Webseiten (\"Hyperlinks\"), die au\u00dferhalb unseres Verantwortungsbereiches liegen, w\u00fcrde eine Haftungsverpflichtung ausschlie\u00dflich in dem Fall in Kraft treten, in dem wir von den Inhalten Kenntnis haben und es uns technisch m\u00f6glich und zumutbar w\u00e4re, die Nutzung im Falle rechtswidriger Inhalte zu verhindern.<\/p>\n<!-- \/wp:paragraph -->\n\n<!-- wp:paragraph -->\n<p>Wir erkl\u00e4ren hiermit ausdr\u00fccklich, dass zum Zeitpunkt der Linksetzung keine illegalen Inhalte auf den zu verlinkenden Seiten erkennbar waren. Auf die aktuelle und zuk\u00fcnftige Gestaltung, die Inhalte oder die Urheberschaft der gelinkten\/verkn\u00fcpften Seiten haben wir keinerlei Einfluss. Deshalb distanzieren wir uns hiermit ausdr\u00fccklich von allen Inhalten aller gelinkten \/verkn\u00fcpften Seiten, die nach der Linksetzung ver\u00e4ndert wurden. Diese Feststellung gilt f\u00fcr alle innerhalb des eigenen Internetangebotes gesetzten Links und Verweise sowie f\u00fcr Fremdeintr\u00e4ge in von uns eingerichteten G\u00e4steb\u00fcchern, Diskussionsforen und Mailinglisten. F\u00fcr illegale, fehlerhafte oder unvollst\u00e4ndige Inhalte und insbesondere f\u00fcr Sch\u00e4den, die aus der Nutzung oder Nichtnutzung solcherart dargebotener Informationen entstehen, haftet allein der Anbieter \/ die Anbieterin der Seite, auf welche verwiesen wurde, nicht derjenige \/ diejenige, der\/die \u00fcber Links auf die jeweilige Ver\u00f6ffentlichung lediglich verweist.<\/p>\n<!-- \/wp:paragraph -->\n\n<!-- wp:paragraph -->\n<p><strong>Urheber- und Kennzeichenrecht<\/strong><br> Wir sind bestrebt, in allen Publikationen die Urheberrechte der verwendeten Grafiken, Tondokumente, Videosequenzen und Texte zu beachten, von uns selbst erstellte Grafiken, Tondokumente, Videosequenzen und Texte zu nutzen oder auf lizenzfreie Grafiken, Tondokumente, Videosequenzen und Texte zur\u00fcckzugreifen.<\/p>\n<!-- \/wp:paragraph -->\n\n<!-- wp:paragraph -->\n<p>Sofern es dennoch den Verdacht auf eine Urheberrechtsverletzung auf unseren Seiten geben geben sollte, bitten wir um unverz\u00fcgliche Information, damit wir die betreffenden Inhalte umgehend entfernen k\u00f6nnen.<\/p>\n<!-- \/wp:paragraph -->\n\n<!-- wp:paragraph -->\n<p>Alle innerhalb des Internetangebotes genannten und ggf. durch Dritte gesch\u00fctzten Marken- und Warenzeichen unterliegen uneingeschr\u00e4nkt den Bestimmungen des jeweils g\u00fcltigen Kennzeichenrechts und den Besitzrechten der jeweiligen eingetragenen Eigent\u00fcmerInnen. Allein aufgrund der blo\u00dfen Nennung ist nicht der Schluss zu ziehen, dass Markenzeichen nicht durch Rechte Dritter gesch\u00fctzt sind!<\/p>\n<!-- \/wp:paragraph -->\n\n<!-- wp:paragraph -->\n<p>Das Copyright f\u00fcr ver\u00f6ffentlichte, von uns selbst erstellte Objekte bleibt allein bei uns. Eine Vervielf\u00e4ltigung oder Verwendung solcher Grafiken, Tondokumente, Videosequenzen und Texte in anderen elektronischen oder gedruckten Publikationen ist ohne unsere  ausdr\u00fcckliche Zustimmung  nicht gestattet.<\/p>\n<!-- \/wp:paragraph -->\n\n<!-- wp:paragraph -->\n<p><strong>Datenschutz<\/strong><br> Sofern innerhalb des Internetangebotes die M\u00f6glichkeit zur Eingabe pers\u00f6nlicher oder gesch\u00e4ftlicher Daten (Emailadressen, Namen, Anschriften) besteht, so erfolgt die Preisgabe dieser Daten seitens der NutzerInnen auf ausdr\u00fccklich freiwilliger Basis. Die Inanspruchnahme und Bezahlung aller angebotenen Dienste ist - soweit technisch m\u00f6glich und zumutbar - auch ohne Angabe solcher Daten bzw. unter Angabe anonymisierter Daten oder eines Pseudonyms gestattet. Die Nutzung der im Rahmen des Impressums oder vergleichbarer Angaben ver\u00f6ffentlichten Kontaktdaten wie Postanschriften, Telefon- und Faxnummern sowie Emailadressen durch Dritte zur \u00dcbersendung von nicht ausdr\u00fccklich angeforderten Informationen ist nicht gestattet. Rechtliche Schritte gegen die VersenderInnen von sogenannten Spam-Mails bei Verst\u00f6\u00dfen gegen dieses Verbot sind ausdr\u00fccklich vorbehalten.<\/p>\n<!-- \/wp:paragraph -->\n\n<!-- wp:paragraph -->\n<p>Unsere ausf\u00fchrliche Datenschutzerkl\u00e4rung finden Sie hier: <a href=\"https:\/\/matriacon.net\/datenschutzerklaerung\">Datenschutzerkl\u00e4rung<\/a><\/p>\n<!-- \/wp:paragraph -->\n\n<!-- wp:paragraph -->\n<p><strong>Rechtswirksamkeit dieses Haftungsausschlusses<\/strong><br> Dieser Haftungsausschluss ist als Teil des Internetangebotes zu betrachten, von dem aus auf diese Seite verwiesen wurde. Sofern Teile oder einzelne Formulierungen dieses Textes der geltenden Rechtslage nicht, nicht mehr oder nicht vollst\u00e4ndig entsprechen sollten, bleiben die \u00fcbrigen Teile des Dokumentes in ihrem Inhalt und ihrer G\u00fcltigkeit davon unber\u00fchrt.<\/p>\n<!-- \/wp:paragraph -->","_de_post_name":"impressum","_de_post_excerpt":"","_de_post_title":"Impressum","_en_post_content":"","_en_post_name":"","_en_post_excerpt":"","_en_post_title":"","edit_language":"en","ngg_post_thumbnail":0,"footnotes":""},"class_list":["post-35","page","type-page","status-publish","has-post-thumbnail","hentry"],"jetpack_sharing_enabled":true,"_links":{"self":[{"href":"https:\/\/matriacon.net\/en\/wp-json\/wp\/v2\/pages\/35","targetHints":{"allow":["GET"]}}],"collection":[{"href":"https:\/\/matriacon.net\/en\/wp-json\/wp\/v2\/pages"}],"about":[{"href":"https:\/\/matriacon.net\/en\/wp-json\/wp\/v2\/types\/page"}],"author":[{"embeddable":true,"href":"https:\/\/matriacon.net\/en\/wp-json\/wp\/v2\/users\/2"}],"replies":[{"embeddable":true,"href":"https:\/\/matriacon.net\/en\/wp-json\/wp\/v2\/comments?post=35"}],"version-history":[{"count":30,"href":"https:\/\/matriacon.net\/en\/wp-json\/wp\/v2\/pages\/35\/revisions"}],"predecessor-version":[{"id":10943,"href":"https:\/\/matriacon.net\/en\/wp-json\/wp\/v2\/pages\/35\/revisions\/10943"}],"wp:featuredmedia":[{"embeddable":true,"href":"https:\/\/matriacon.net\/en\/wp-json\/wp\/v2\/media\/9870"}],"wp:attachment":[{"href":"https:\/\/matriacon.net\/en\/wp-json\/wp\/v2\/media?parent=35"}],"curies":[{"name":"wp","href":"https:\/\/api.w.org\/{rel}","templated":true}]}}