{"id":4322,"date":"2019-02-08T20:59:10","date_gmt":"2019-02-08T20:59:10","guid":{"rendered":"https:\/\/matriacon.live-website.com\/?page_id=4322"},"modified":"2019-11-09T16:20:47","modified_gmt":"2019-11-09T16:20:47","slug":"","status":"publish","type":"page","link":"https:\/\/matriacon.net\/en\/materialien\/die-mutterlandbriefe\/","title":{"rendered":"","raw":""},"content":{"rendered":"","protected":false,"raw":""},"excerpt":{"rendered":"","protected":false,"raw":""},"author":2,"featured_media":7296,"parent":25,"menu_order":0,"comment_status":"closed","ping_status":"closed","template":"","meta":{"_de_post_content":"<!-- wp:image {\"id\":7316,\"align\":\"right\",\"width\":406,\"height\":163} -->\n<div class=\"wp-block-image\"><figure class=\"alignright is-resized\"><img src=\"https:\/\/matriacon.net\/wp-content\/uploads\/Mutterlandbriefe-Logo.png\" alt=\"\" class=\"wp-image-7316\" width=\"406\" height=\"163\"\/><\/figure><\/div>\n<!-- \/wp:image -->\n\n<!-- wp:paragraph -->\n<p>Viermal im Jahr kommen die <strong>Mutterlandbriefe <\/strong>zu den Frauen: im Fr\u00fchjahr, im Sommer, im Herbst und im Winter.<\/p>\n<!-- \/wp:paragraph -->\n\n<!-- wp:paragraph -->\n<p>Berichtet und erz\u00e4hlt wird von Matriarchaten weltweit und all den        verschiedenartigen Aktivit\u00e4ten, Projekten und Erlebnissen, die        Matriarchales in unseren Alltag bringen, sei es in uns selbst, in der        Familie oder im \u00f6ffentlichen Raum.<\/p>\n<!-- \/wp:paragraph -->\n\n<!-- wp:paragraph -->\n<p>Von Euch w\u00fcnschen wir uns vielf\u00e4ltige Beitr\u00e4ge! Schickt uns Eure Zeilen und Bilder, Eure Briefe aus dem Mutterland, damit anregende und positive Gedanken und Begebenheiten mit anderen geteilt werden k\u00f6nnen.<\/p>\n<!-- \/wp:paragraph -->\n\n<!-- wp:paragraph -->\n<p>Hier haben wir einige <a href=\"https:\/\/matriacon.net\/category\/mutterlandbriefe\"><strong>ausgew\u00e4hlte BEITR\u00c4GE <\/strong><\/a>aus verschiedenen Mutterlandbriefen f\u00fcr Euch eingestellt. Sie werden von Zeit zu Zeit erg\u00e4nzt. Schaut also immer mal hinein.<\/p>\n<!-- \/wp:paragraph -->\n\n<!-- wp:image {\"id\":10699,\"align\":\"left\",\"width\":73,\"height\":66} -->\n<div class=\"wp-block-image\"><figure class=\"alignleft is-resized\"><img src=\"https:\/\/matriacon.net\/wp-content\/uploads\/Mutterlandbriefe-Logo-Ausschnitt.png\" alt=\"\" class=\"wp-image-10699\" width=\"73\" height=\"66\"\/><\/figure><\/div>\n<!-- \/wp:image -->\n\n<!-- wp:paragraph -->\n<p>Wer die Mutterlandbriefe erhalten m\u00f6chte, schreibt bitte an  <em>info@matria.de<\/em><br>Wir verschicken sie gerne per E-mail, kostenlos!<\/p>\n<!-- \/wp:paragraph -->","_de_post_name":"die-mutterlandbriefe","_de_post_excerpt":"","_de_post_title":"Die Mutterlandbriefe","_en_post_content":"","_en_post_name":"","_en_post_excerpt":"","_en_post_title":"","edit_language":"en","ngg_post_thumbnail":0,"footnotes":""},"class_list":["post-4322","page","type-page","status-publish","has-post-thumbnail","hentry"],"jetpack_sharing_enabled":true,"_links":{"self":[{"href":"https:\/\/matriacon.net\/en\/wp-json\/wp\/v2\/pages\/4322","targetHints":{"allow":["GET"]}}],"collection":[{"href":"https:\/\/matriacon.net\/en\/wp-json\/wp\/v2\/pages"}],"about":[{"href":"https:\/\/matriacon.net\/en\/wp-json\/wp\/v2\/types\/page"}],"author":[{"embeddable":true,"href":"https:\/\/matriacon.net\/en\/wp-json\/wp\/v2\/users\/2"}],"replies":[{"embeddable":true,"href":"https:\/\/matriacon.net\/en\/wp-json\/wp\/v2\/comments?post=4322"}],"version-history":[{"count":11,"href":"https:\/\/matriacon.net\/en\/wp-json\/wp\/v2\/pages\/4322\/revisions"}],"predecessor-version":[{"id":10701,"href":"https:\/\/matriacon.net\/en\/wp-json\/wp\/v2\/pages\/4322\/revisions\/10701"}],"up":[{"embeddable":true,"href":"https:\/\/matriacon.net\/en\/wp-json\/wp\/v2\/pages\/25"}],"wp:featuredmedia":[{"embeddable":true,"href":"https:\/\/matriacon.net\/en\/wp-json\/wp\/v2\/media\/7296"}],"wp:attachment":[{"href":"https:\/\/matriacon.net\/en\/wp-json\/wp\/v2\/media?parent=4322"}],"curies":[{"name":"wp","href":"https:\/\/api.w.org\/{rel}","templated":true}]}}