{"id":50,"date":"2019-01-04T21:48:04","date_gmt":"2019-01-04T20:48:04","guid":{"rendered":"http:\/\/test.lan\/?page_id=50"},"modified":"2019-12-05T20:08:03","modified_gmt":"2019-12-05T20:08:03","slug":"the-school","status":"publish","type":"page","link":"https:\/\/matriacon.net\/en\/the-school\/","title":{"rendered":"The School","raw":"The School"},"content":{"rendered":"\n<p>MatriaCon \u2013 an international school for Matriarchal Consciousness?<\/p>\n\n\n\n<div class=\"wp-block-image\"><figure class=\"alignright is-resized\"><img loading=\"lazy\" decoding=\"async\" src=\"https:\/\/matriacon.net\/wp-content\/uploads\/cache_6875993-2-768x1024.jpg\" alt=\"\" class=\"wp-image-10411\" width=\"190\" height=\"253\" srcset=\"https:\/\/matriacon.net\/wp-content\/uploads\/cache_6875993-2-768x1024.jpg 768w, https:\/\/matriacon.net\/wp-content\/uploads\/cache_6875993-2-225x300.jpg 225w, https:\/\/matriacon.net\/wp-content\/uploads\/cache_6875993-2-216x288.jpg 216w, https:\/\/matriacon.net\/wp-content\/uploads\/cache_6875993-2.jpg 810w\" sizes=\"auto, (max-width: 190px) 100vw, 190px\" \/><\/figure><\/div>\n\n\n\n<p>MatriaCon is an abbrevation of  <strong>matria<\/strong>rchal <strong>con<\/strong>sciousness \u2013 \u2013 in accord with the way we create names in our organization <em><strong><a href=\"https:\/\/matriacon.net\/en\/die-traegerinnen\">MatriaVal<\/a> <\/strong><\/em>(<strong>matria<\/strong>rchal <strong>val<\/strong>ues).  All the intellectual children receive the same \u201cclan name\u201d: matria,  which is then completed with that which is specific to the new project.  In our case it is the values of lived consciousness.<\/p>\n\n\n\n<p>We are\ninternational: Our instructors as well as our students and of course the\nmatriarchal cultures which guide us come from all mother countries.<\/p>\n\n\n\n<div class=\"wp-block-image\"><figure class=\"alignleft size-large is-resized\"><img loading=\"lazy\" decoding=\"async\" src=\"https:\/\/matriacon.net\/wp-content\/uploads\/IMG_0943-1024x683.jpg\" alt=\"\" class=\"wp-image-8479\" width=\"298\" height=\"198\" srcset=\"https:\/\/matriacon.net\/wp-content\/uploads\/IMG_0943-1024x683.jpg 1024w, https:\/\/matriacon.net\/wp-content\/uploads\/IMG_0943-300x200.jpg 300w, https:\/\/matriacon.net\/wp-content\/uploads\/IMG_0943-768x512.jpg 768w, https:\/\/matriacon.net\/wp-content\/uploads\/IMG_0943-216x144.jpg 216w\" sizes=\"auto, (max-width: 298px) 100vw, 298px\" \/><\/figure><\/div>\n\n\n\n<p>In the\ntenth year since our organization was founded the need arose for a school to\nconvey the collective knowledge of matriarchal cultures to seekers as well as\nto the curious: a central place for questions and discussions about the\npractical realization of matriarchal knowledge in our every day lives. <\/p>\n\n\n\n<p>In 2017 MatriaCon was born in Frankfurt, Germany. Our midwives were countless and our Guardian Heras were <em><strong><a rel=\"noreferrer noopener\" aria-label=\" (\u00f6ffnet in neuem Tab)\" href=\"http:\/\/www.ratdergrossmuetter.org\" target=\"_blank\">The Council of Grandmothers<\/a><\/strong><\/em>, along with our representative of the indigenous women of the Kablei,  <a rel=\"noreferrer noopener\" href=\"http:\/\/www.makilam.com\" target=\"_blank\"><em><strong>Dr. Malika Grasshoff<\/strong><\/em><\/a>.<\/p>\n\n\n\n<div class=\"wp-block-image\"><figure class=\"alignright size-large is-resized\"><a href=\"https:\/\/matriacon.net\/en\/category\/retrospect\"><img loading=\"lazy\" decoding=\"async\" src=\"https:\/\/matriacon.net\/wp-content\/uploads\/20170317_122329-2-1024x957.jpg\" alt=\"\" class=\"wp-image-10523\" width=\"268\" height=\"250\" srcset=\"https:\/\/matriacon.net\/wp-content\/uploads\/20170317_122329-2-1024x957.jpg 1024w, https:\/\/matriacon.net\/wp-content\/uploads\/20170317_122329-2-300x280.jpg 300w, https:\/\/matriacon.net\/wp-content\/uploads\/20170317_122329-2-768x717.jpg 768w, https:\/\/matriacon.net\/wp-content\/uploads\/20170317_122329-2-216x202.jpg 216w\" sizes=\"auto, (max-width: 268px) 100vw, 268px\" \/><\/a><\/figure><\/div>\n\n\n\n<p><br><strong>During the first two years we organized numerous workshops and other events and were also invited to activities organized by others<\/strong>, in order to share our knowledge and experience. We have experienced how much both individuals and groups long for impulses from matriarchal individuals and matriarchal societies for their own behavior and influence, in order to structure the contexts of their own lives and also to introduce these ideas into the development of social structures of their community. We have recognized that those interested in matriarchies, in addition to their appreciation of MatriaCon\u2019s events, have an even much greater desire for suggestions and concrete support for their own activities. <\/p>\n\n\n\n<p>This had made MatriaCon more of a <strong>linchpin<\/strong> for events, happenings, internet appearances, publications, media, artwork, dialogs, research projects and publications on topics related to matriarchy.<\/p>\n\n\n\n<div class=\"wp-block-image\"><figure class=\"alignleft size-large is-resized\"><img loading=\"lazy\" decoding=\"async\" src=\"https:\/\/matriacon.net\/wp-content\/uploads\/IMG_1039-1-e1551791669270-1024x807.jpg\" alt=\"\" class=\"wp-image-9092\" width=\"334\" height=\"263\" srcset=\"https:\/\/matriacon.net\/wp-content\/uploads\/IMG_1039-1-e1551791669270-1024x807.jpg 1024w, https:\/\/matriacon.net\/wp-content\/uploads\/IMG_1039-1-e1551791669270-300x236.jpg 300w, https:\/\/matriacon.net\/wp-content\/uploads\/IMG_1039-1-e1551791669270-768x605.jpg 768w, https:\/\/matriacon.net\/wp-content\/uploads\/IMG_1039-1-e1551791669270-216x170.jpg 216w\" sizes=\"auto, (max-width: 334px) 100vw, 334px\" \/><\/figure><\/div>\n\n\n\n<p><strong>Currently<\/strong> we see our primary function as providing support for individuals, groups and institutions interested in matriarchal consciousness and who would like to orient themselves on matriarchies by assisting them in their activities and offering advice, answering questions, accompanying them and helping them to network. For this reason we are placing less emphasis on the organization of our own classes and workshops in favor of serving as tutors, advisers, networkers, co-organizers and coaches. As such we are willing to travel to events in other regions in the hope that this will lead to introducing matriarchal consciousness and influence in more regions and our network of <a href=\"https:\/\/matriacon.net\/schule\/matriarchales-bewusstsein\">Ambassadors for Matriarchal Consciousness<\/a> continues to expand.<\/p>\n\n\n\n<ul class=\"wp-block-list\"><li><a href=\"https:\/\/matriacon.net\/schule\/matriarchats-theorie\">Theory of Matriarchy<\/a><\/li><li><a href=\"https:\/\/matriacon.net\/schule\/matriarchales-bewusstsein\">Matriarchal Consciousness<\/a><\/li><\/ul>\n","protected":false,"raw":"<!-- wp:paragraph -->\n<p>MatriaCon \u2013 an international school for Matriarchal Consciousness?<\/p>\n<!-- \/wp:paragraph -->\n\n<!-- wp:image {\"align\":\"right\",\"id\":10411,\"width\":190,\"height\":253} -->\n<div class=\"wp-block-image\"><figure class=\"alignright is-resized\"><img src=\"https:\/\/matriacon.net\/wp-content\/uploads\/cache_6875993-2-768x1024.jpg\" alt=\"\" class=\"wp-image-10411\" width=\"190\" height=\"253\"\/><\/figure><\/div>\n<!-- \/wp:image -->\n\n<!-- wp:paragraph -->\n<p>MatriaCon is an abbrevation of  <strong>matria<\/strong>rchal <strong>con<\/strong>sciousness \u2013 \u2013 in accord with the way we create names in our organization <em><strong><a href=\"https:\/\/matriacon.net\/en\/die-traegerinnen\">MatriaVal<\/a> <\/strong><\/em>(<strong>matria<\/strong>rchal <strong>val<\/strong>ues).  All the intellectual children receive the same \u201cclan name\u201d: matria,  which is then completed with that which is specific to the new project.  In our case it is the values of lived consciousness.<\/p>\n<!-- \/wp:paragraph -->\n\n<!-- wp:paragraph -->\n<p>We are\ninternational: Our instructors as well as our students and of course the\nmatriarchal cultures which guide us come from all mother countries.<\/p>\n<!-- \/wp:paragraph -->\n\n<!-- wp:image {\"align\":\"left\",\"id\":8479,\"width\":298,\"height\":198,\"sizeSlug\":\"large\"} -->\n<div class=\"wp-block-image\"><figure class=\"alignleft size-large is-resized\"><img src=\"https:\/\/matriacon.net\/wp-content\/uploads\/IMG_0943-1024x683.jpg\" alt=\"\" class=\"wp-image-8479\" width=\"298\" height=\"198\"\/><\/figure><\/div>\n<!-- \/wp:image -->\n\n<!-- wp:paragraph -->\n<p>In the\ntenth year since our organization was founded the need arose for a school to\nconvey the collective knowledge of matriarchal cultures to seekers as well as\nto the curious: a central place for questions and discussions about the\npractical realization of matriarchal knowledge in our every day lives. <\/p>\n<!-- \/wp:paragraph -->\n\n<!-- wp:paragraph -->\n<p>In 2017 MatriaCon was born in Frankfurt, Germany. Our midwives were countless and our Guardian Heras were <em><strong><a rel=\"noreferrer noopener\" aria-label=\" (\u00f6ffnet in neuem Tab)\" href=\"http:\/\/www.ratdergrossmuetter.org\" target=\"_blank\">The Council of Grandmothers<\/a><\/strong><\/em>, along with our representative of the indigenous women of the Kablei,  <a rel=\"noreferrer noopener\" href=\"http:\/\/www.makilam.com\" target=\"_blank\"><em><strong>Dr. Malika Grasshoff<\/strong><\/em><\/a>.<\/p>\n<!-- \/wp:paragraph -->\n\n<!-- wp:image {\"align\":\"right\",\"id\":10523,\"width\":268,\"height\":250,\"sizeSlug\":\"large\",\"linkDestination\":\"custom\"} -->\n<div class=\"wp-block-image\"><figure class=\"alignright size-large is-resized\"><a href=\"https:\/\/matriacon.net\/en\/category\/retrospect\"><img src=\"https:\/\/matriacon.net\/wp-content\/uploads\/20170317_122329-2-1024x957.jpg\" alt=\"\" class=\"wp-image-10523\" width=\"268\" height=\"250\"\/><\/a><\/figure><\/div>\n<!-- \/wp:image -->\n\n<!-- wp:paragraph -->\n<p><br><strong>During the first two years we organized numerous workshops and other events and were also invited to activities organized by others<\/strong>, in order to share our knowledge and experience. We have experienced how much both individuals and groups long for impulses from matriarchal individuals and matriarchal societies for their own behavior and influence, in order to structure the contexts of their own lives and also to introduce these ideas into the development of social structures of their community. We have recognized that those interested in matriarchies, in addition to their appreciation of MatriaCon\u2019s events, have an even much greater desire for suggestions and concrete support for their own activities. <\/p>\n<!-- \/wp:paragraph -->\n\n<!-- wp:paragraph -->\n<p>This had made MatriaCon more of a <strong>linchpin<\/strong> for events, happenings, internet appearances, publications, media, artwork, dialogs, research projects and publications on topics related to matriarchy.<\/p>\n<!-- \/wp:paragraph -->\n\n<!-- wp:image {\"align\":\"left\",\"id\":9092,\"width\":334,\"height\":263,\"sizeSlug\":\"large\"} -->\n<div class=\"wp-block-image\"><figure class=\"alignleft size-large is-resized\"><img src=\"https:\/\/matriacon.net\/wp-content\/uploads\/IMG_1039-1-e1551791669270-1024x807.jpg\" alt=\"\" class=\"wp-image-9092\" width=\"334\" height=\"263\"\/><\/figure><\/div>\n<!-- \/wp:image -->\n\n<!-- wp:paragraph -->\n<p><strong>Currently<\/strong> we see our primary function as providing support for individuals, groups and institutions interested in matriarchal consciousness and who would like to orient themselves on matriarchies by assisting them in their activities and offering advice, answering questions, accompanying them and helping them to network. For this reason we are placing less emphasis on the organization of our own classes and workshops in favor of serving as tutors, advisers, networkers, co-organizers and coaches. As such we are willing to travel to events in other regions in the hope that this will lead to introducing matriarchal consciousness and influence in more regions and our network of <a href=\"https:\/\/matriacon.net\/schule\/matriarchales-bewusstsein\">Ambassadors for Matriarchal Consciousness<\/a> continues to expand.<\/p>\n<!-- \/wp:paragraph -->\n\n<!-- wp:list -->\n<ul><li><a href=\"https:\/\/matriacon.net\/schule\/matriarchats-theorie\">Theory of Matriarchy<\/a><\/li><li><a href=\"https:\/\/matriacon.net\/schule\/matriarchales-bewusstsein\">Matriarchal Consciousness<\/a><\/li><\/ul>\n<!-- \/wp:list -->"},"excerpt":{"rendered":"","protected":false,"raw":""},"author":2,"featured_media":8222,"parent":0,"menu_order":0,"comment_status":"closed","ping_status":"closed","template":"mitSidebarCat.php","meta":{"_de_post_content":"<!-- wp:heading {\"level\":1} -->\n<h1>MatriaCon \u2013 eine internationale Schule f\u00fcr matriarchales Bewusstein<\/h1>\n<!-- \/wp:heading -->\n\n<!-- wp:spacer {\"height\":50} -->\n<div style=\"height:50px\" aria-hidden=\"true\" class=\"wp-block-spacer\"><\/div>\n<!-- \/wp:spacer -->\n\n<!-- wp:image {\"id\":10411,\"align\":\"right\",\"width\":192,\"height\":256} -->\n<div class=\"wp-block-image\"><figure class=\"alignright is-resized\"><img src=\"https:\/\/matriacon.net\/wp-content\/uploads\/cache_6875993-2-768x1024.jpg\" alt=\"\" class=\"wp-image-10411\" width=\"192\" height=\"256\"\/><\/figure><\/div>\n<!-- \/wp:image -->\n\n<!-- wp:paragraph -->\n<p><strong>MatriaCon<\/strong> ist die Abk\u00fcrzung f\u00fcr <strong>matria<\/strong>rchal <strong>con<\/strong>sciousness \u2013 und folgt damit einem Namensgebungsmuster des Vereins <em><strong><a aria-label=\"MatriaVal (\u00f6ffnet in neuem Tab)\" rel=\"noreferrer noopener\" href=\"http:\/\/testwp1.lan\/index.php\/die-traegerinnen\/\" target=\"_blank\">Ma<\/a><a href=\"https:\/\/matriacon.net\/die-traegerinnen\">triaVa<\/a><a aria-label=\"MatriaVal (\u00f6ffnet in neuem Tab)\" rel=\"noreferrer noopener\" href=\"http:\/\/testwp1.lan\/index.php\/die-traegerinnen\/\" target=\"_blank\">l<\/a><\/strong><\/em> (<strong>matria<\/strong>rchal <strong>val<\/strong>ues).&nbsp;  Alle  geistigen Kinder erhalten zun\u00e4chst denselben \u201eKlannamen\u201c: matria.  Dieser wird erg\u00e4nzt durch das jeweilige Spezifikum des neuen Projektes,  in unserem Fall: von den Werten (values) zum gelebten Bewusstsein (consciousness).<\/p>\n<!-- \/wp:paragraph -->\n\n<!-- wp:image {\"id\":8798,\"align\":\"left\",\"width\":330,\"height\":202} -->\n<div class=\"wp-block-image\"><figure class=\"alignleft is-resized\"><img src=\"https:\/\/matriacon.net\/wp-content\/uploads\/IMG_0947-e1551781175279-1024x630.jpg\" alt=\"\" class=\"wp-image-8798\" width=\"330\" height=\"202\"\/><\/figure><\/div>\n<!-- \/wp:image -->\n\n<!-- wp:paragraph -->\n<p> Im zehnten  Vereinsjahr entstand das Bed\u00fcrfnis nach einer Schule, in der das  gesammelte Wissen um die matriarchalen Kulturen an Neugierige und Suchende weitergegeben werden kann. <\/p>\n<!-- \/wp:paragraph -->\n\n<!-- wp:paragraph -->\n<p> <strong>2017 wurde MatriaCon in Frankfurt geboren.<\/strong> Unsere Hebammen waren zahlreich und als Schutzheras fungieren <em><strong><a aria-label=\" (\u00f6ffnet in neuem Tab)\" rel=\"noreferrer noopener\" href=\"http:\/\/www.ratdergrossmuetter.org\" target=\"_blank\">Der Rat der Gro\u00dfm\u00fctter<\/a><\/strong><\/em> sowie in Vertretung der indigenen Frauen der Kabylei  <a rel=\"noreferrer noopener\" href=\"http:\/\/www.makilam.com\" target=\"_blank\"><em><strong>Dr. Malika Grasshoff<\/strong><\/em><\/a>.&nbsp;<\/p>\n<!-- \/wp:paragraph -->\n\n<!-- wp:image {\"id\":10523,\"align\":\"right\",\"width\":266,\"height\":249} -->\n<div class=\"wp-block-image\"><figure class=\"alignright is-resized\"><img src=\"https:\/\/matriacon.net\/wp-content\/uploads\/20170317_122329-2-1024x957.jpg\" alt=\"\" class=\"wp-image-10523\" width=\"266\" height=\"249\"\/><\/figure><\/div>\n<!-- \/wp:image -->\n\n<!-- wp:paragraph -->\n<p><strong>In den ersten zwei Jahren<\/strong> haben wir eine Vielzahl von Wirkshops und Veranstaltungen organisiert und sind zu Aktivit\u00e4ten von anderen eingeladen worden, um dort unser Wissen und unsere Erfahrung einzubringen. Wir haben erlebt, wie gro\u00df der Wunsch von Einzelnen und Gruppen ist, Impulse durch matriarchale Menschen und matriarchale Gesellschaften f\u00fcr das eigene Handeln und Wirken zu erhalten, um diese dann in die Gestaltung der eigenen Lebenszusammenh\u00e4nge und in die Entwicklung gesellschaftlicher Strukturen vor Ort einzubringen. Es zeigte sich, dass es bei den Matriarchats-Interessierten neben dem Wunsch nach einem Veranstaltungsprogramm der MatriaCon ein noch viel gr\u00f6\u00dferes Bed\u00fcrfnis gibt, bei eigenen Aktivit\u00e4ten konkrete Anregung und Unterst\u00fctzung zu erhalten.<\/p>\n<!-- \/wp:paragraph -->\n\n<!-- wp:image {\"id\":9092,\"align\":\"left\",\"width\":307,\"height\":242} -->\n<div class=\"wp-block-image\"><figure class=\"alignleft is-resized\"><img src=\"https:\/\/matriacon.net\/wp-content\/uploads\/IMG_1039-1-e1551791669270-1024x807.jpg\" alt=\"\" class=\"wp-image-9092\" width=\"307\" height=\"242\"\/><\/figure><\/div>\n<!-- \/wp:image -->\n\n<!-- wp:paragraph -->\n<p>So wurde MatriaCon immer mehr ein <strong>Dreh- und Angelpunkt<\/strong> f\u00fcr Veranstaltungen, Ereignisse, Internetauftritte, Publikationen, Medien, Kunstwerke, Dialoge, Forschungsarbeiten und Ver\u00f6ffentlichungen zu Matriarchatsthemen. <\/p>\n<!-- \/wp:paragraph -->\n\n<!-- wp:paragraph -->\n<p><strong>Aktuell <\/strong>sehen wir unsere wesentliche Aufgabe darin, einzelne Akteurinnen, Gruppen oder Institutionen, die sich f\u00fcr matriarchales Bewusstsein interessieren und sich an Matriarchaten orientieren m\u00f6chten, bei ihren ganz unterschiedlichen Fragen und Aktivit\u00e4ten zu unterst\u00fctzen, zu beraten, zu begleiten und sie zu vernetzen. Die Organisation eigener Schulungen und Wirkshops tritt deshalb zur\u00fcck hinter unserem Angebot, anderen als Dozentinnen, Beraterinnen, Vernetzerinnen, Co-Organisatorinnen und Coachinnen zur Verf\u00fcgung zu stehen. Dazu kommen wir gegebenenfalls auch zu Veranstaltungen in die jeweilige Region und hoffen, dass dadurch an immer mehr Orten matriarchales Bewusstein und Wirken entsteht und unser Netzwerk aus <a href=\"https:\/\/matriacon.net\/schule\/matriarchales-bewusstsein\">Botschafterinnen f\u00fcr matriarchales Bewusstsein<\/a> sich immer weiter entfaltet.<\/p>\n<!-- \/wp:paragraph -->\n\n<!-- wp:list -->\n<ul><li><a href=\"https:\/\/matriacon.net\/schule\/matriarchats-theorie\">Zur Matriarchats-Theorie<\/a><\/li><li><a href=\"https:\/\/matriacon.net\/schule\/matriarchales-bewusstsein\">Matriachales Bewusstsein<\/a><\/li><\/ul>\n<!-- \/wp:list -->","_de_post_name":"schule","_de_post_excerpt":"","_de_post_title":"Die Schule","_en_post_content":"<!-- wp:paragraph -->\n<p>MatriaCon \u2013 an international school for Matriarchal Consciousness?<\/p>\n<!-- \/wp:paragraph -->\n\n<!-- wp:image {\"align\":\"right\",\"id\":10411,\"width\":190,\"height\":253} -->\n<div class=\"wp-block-image\"><figure class=\"alignright is-resized\"><img src=\"https:\/\/matriacon.net\/wp-content\/uploads\/cache_6875993-2-768x1024.jpg\" alt=\"\" class=\"wp-image-10411\" width=\"190\" height=\"253\"\/><\/figure><\/div>\n<!-- \/wp:image -->\n\n<!-- wp:paragraph -->\n<p>MatriaCon is an abbrevation of  <strong>matria<\/strong>rchal <strong>con<\/strong>sciousness \u2013 \u2013 in accord with the way we create names in our organization <em><strong><a href=\"https:\/\/matriacon.net\/en\/die-traegerinnen\">MatriaVal<\/a> <\/strong><\/em>(<strong>matria<\/strong>rchal <strong>val<\/strong>ues).  All the intellectual children receive the same \u201cclan name\u201d: matria,  which is then completed with that which is specific to the new project.  In our case it is the values of lived consciousness.<\/p>\n<!-- \/wp:paragraph -->\n\n<!-- wp:paragraph -->\n<p>We are\ninternational: Our instructors as well as our students and of course the\nmatriarchal cultures which guide us come from all mother countries.<\/p>\n<!-- \/wp:paragraph -->\n\n<!-- wp:image {\"align\":\"left\",\"id\":8479,\"width\":298,\"height\":198,\"sizeSlug\":\"large\"} -->\n<div class=\"wp-block-image\"><figure class=\"alignleft size-large is-resized\"><img src=\"https:\/\/matriacon.net\/wp-content\/uploads\/IMG_0943-1024x683.jpg\" alt=\"\" class=\"wp-image-8479\" width=\"298\" height=\"198\"\/><\/figure><\/div>\n<!-- \/wp:image -->\n\n<!-- wp:paragraph -->\n<p>In the\ntenth year since our organization was founded the need arose for a school to\nconvey the collective knowledge of matriarchal cultures to seekers as well as\nto the curious: a central place for questions and discussions about the\npractical realization of matriarchal knowledge in our every day lives. <\/p>\n<!-- \/wp:paragraph -->\n\n<!-- wp:paragraph -->\n<p>In 2017 MatriaCon was born in Frankfurt, Germany. Our midwives were countless and our Guardian Heras were <em><strong><a rel=\"noreferrer noopener\" aria-label=\" (\u00f6ffnet in neuem Tab)\" href=\"http:\/\/www.ratdergrossmuetter.org\" target=\"_blank\">The Council of Grandmothers<\/a><\/strong><\/em>, along with our representative of the indigenous women of the Kablei,  <a rel=\"noreferrer noopener\" href=\"http:\/\/www.makilam.com\" target=\"_blank\"><em><strong>Dr. Malika Grasshoff<\/strong><\/em><\/a>.<\/p>\n<!-- \/wp:paragraph -->\n\n<!-- wp:image {\"align\":\"right\",\"id\":10523,\"width\":268,\"height\":250,\"sizeSlug\":\"large\",\"linkDestination\":\"custom\"} -->\n<div class=\"wp-block-image\"><figure class=\"alignright size-large is-resized\"><a href=\"https:\/\/matriacon.net\/en\/category\/retrospect\"><img src=\"https:\/\/matriacon.net\/wp-content\/uploads\/20170317_122329-2-1024x957.jpg\" alt=\"\" class=\"wp-image-10523\" width=\"268\" height=\"250\"\/><\/a><\/figure><\/div>\n<!-- \/wp:image -->\n\n<!-- wp:paragraph -->\n<p><br><strong>During the first two years we organized numerous workshops and other events and were also invited to activities organized by others<\/strong>, in order to share our knowledge and experience. We have experienced how much both individuals and groups long for impulses from matriarchal individuals and matriarchal societies for their own behavior and influence, in order to structure the contexts of their own lives and also to introduce these ideas into the development of social structures of their community. We have recognized that those interested in matriarchies, in addition to their appreciation of MatriaCon\u2019s events, have an even much greater desire for suggestions and concrete support for their own activities. <\/p>\n<!-- \/wp:paragraph -->\n\n<!-- wp:paragraph -->\n<p>This had made MatriaCon more of a <strong>linchpin<\/strong> for events, happenings, internet appearances, publications, media, artwork, dialogs, research projects and publications on topics related to matriarchy.<\/p>\n<!-- \/wp:paragraph -->\n\n<!-- wp:image {\"align\":\"left\",\"id\":9092,\"width\":334,\"height\":263,\"sizeSlug\":\"large\"} -->\n<div class=\"wp-block-image\"><figure class=\"alignleft size-large is-resized\"><img src=\"https:\/\/matriacon.net\/wp-content\/uploads\/IMG_1039-1-e1551791669270-1024x807.jpg\" alt=\"\" class=\"wp-image-9092\" width=\"334\" height=\"263\"\/><\/figure><\/div>\n<!-- \/wp:image -->\n\n<!-- wp:paragraph -->\n<p><strong>Currently<\/strong> we see our primary function as providing support for individuals, groups and institutions interested in matriarchal consciousness and who would like to orient themselves on matriarchies by assisting them in their activities and offering advice, answering questions, accompanying them and helping them to network. For this reason we are placing less emphasis on the organization of our own classes and workshops in favor of serving as tutors, advisers, networkers, co-organizers and coaches. As such we are willing to travel to events in other regions in the hope that this will lead to introducing matriarchal consciousness and influence in more regions and our network of <a href=\"https:\/\/matriacon.net\/schule\/matriarchales-bewusstsein\">Ambassadors for Matriarchal Consciousness<\/a> continues to expand.<\/p>\n<!-- \/wp:paragraph -->\n\n<!-- wp:list -->\n<ul><li><a href=\"https:\/\/matriacon.net\/schule\/matriarchats-theorie\">Theory of Matriarchy<\/a><\/li><li><a href=\"https:\/\/matriacon.net\/schule\/matriarchales-bewusstsein\">Matriarchal Consciousness<\/a><\/li><\/ul>\n<!-- \/wp:list -->","_en_post_name":"the-school","_en_post_excerpt":"","_en_post_title":"The School","edit_language":"en","ngg_post_thumbnail":0,"footnotes":""},"class_list":["post-50","page","type-page","status-publish","has-post-thumbnail","hentry"],"jetpack_sharing_enabled":true,"_links":{"self":[{"href":"https:\/\/matriacon.net\/en\/wp-json\/wp\/v2\/pages\/50","targetHints":{"allow":["GET"]}}],"collection":[{"href":"https:\/\/matriacon.net\/en\/wp-json\/wp\/v2\/pages"}],"about":[{"href":"https:\/\/matriacon.net\/en\/wp-json\/wp\/v2\/types\/page"}],"author":[{"embeddable":true,"href":"https:\/\/matriacon.net\/en\/wp-json\/wp\/v2\/users\/2"}],"replies":[{"embeddable":true,"href":"https:\/\/matriacon.net\/en\/wp-json\/wp\/v2\/comments?post=50"}],"version-history":[{"count":21,"href":"https:\/\/matriacon.net\/en\/wp-json\/wp\/v2\/pages\/50\/revisions"}],"predecessor-version":[{"id":10547,"href":"https:\/\/matriacon.net\/en\/wp-json\/wp\/v2\/pages\/50\/revisions\/10547"}],"wp:featuredmedia":[{"embeddable":true,"href":"https:\/\/matriacon.net\/en\/wp-json\/wp\/v2\/media\/8222"}],"wp:attachment":[{"href":"https:\/\/matriacon.net\/en\/wp-json\/wp\/v2\/media?parent=50"}],"curies":[{"name":"wp","href":"https:\/\/api.w.org\/{rel}","templated":true}]}}