{"id":5335,"date":"2019-02-16T10:09:25","date_gmt":"2019-02-16T10:09:25","guid":{"rendered":"https:\/\/matriacon.live-website.com\/?page_id=5335"},"modified":"2019-03-30T17:49:23","modified_gmt":"2019-03-30T17:49:23","slug":"","status":"publish","type":"page","link":"https:\/\/matriacon.net\/en\/sitemap\/","title":{"rendered":"Sitemap","raw":"Sitemap"},"content":{"rendered":"\n<p>Sitemap of MatriaCon&#8217;s Webside<\/p>\n\n\n<p><div id=\"simple-sitemap-container-69d3181f51ce9\" class=\"simple-sitemap-container simple-sitemap-container-69d3181f51ce9 tab-disabled\"><div class=\"simple-sitemap-wrap\"><ul class=\"simple-sitemap-page main\"><li class=\"sitemap-item page_item page-item-714\"><a href=\"https:\/\/matriacon.net\/en\/agb\/\">AGB<\/a><\/li>\n<li class=\"sitemap-item page_item page-item-703\"><a href=\"https:\/\/matriacon.net\/en\/anmeldeformular\/\">Registration<\/a><\/li>\n<li class=\"sitemap-item page_item page-item-1087\"><a href=\"https:\/\/matriacon.net\/en\/coole-frontpage\/\">Coole Frontpage<\/a><\/li>\n<li class=\"sitemap-item page_item page-item-163\"><a href=\"https:\/\/matriacon.net\/en\/datenschutzerklaerung\/\">Datenschutzerkl\u00e4rung<\/a><\/li>\n<li class=\"sitemap-item page_item page-item-25 page_item_has_children\"><a href=\"https:\/\/matriacon.net\/en\/materialien\/\">MATERials<\/a>\n<ul class='children'>\n\t<li class=\"sitemap-item page_item page-item-4322\"><a href=\"https:\/\/matriacon.net\/en\/materialien\/die-mutterlandbriefe\/\">Die Mutterlandbriefe<\/a><\/li>\n\t<li class=\"sitemap-item page_item page-item-11397\"><a href=\"https:\/\/matriacon.net\/en\/materialien\/interviews\/\">Interviews<\/a><\/li>\n\t<li class=\"sitemap-item page_item page-item-11097\"><a href=\"https:\/\/matriacon.net\/en\/materialien\/kunsthandwerk\/\">Kunsthandwerk<\/a><\/li>\n\t<li class=\"sitemap-item page_item page-item-10534\"><a href=\"https:\/\/matriacon.net\/en\/materialien\/matriaval-hefte\/\">MatriaVal - Hefte<\/a><\/li>\n\t<li class=\"sitemap-item page_item page-item-1238\"><a href=\"https:\/\/matriacon.net\/en\/materialien\/matriawis\/\">MatriaWis<\/a><\/li>\n\t<li class=\"sitemap-item page_item page-item-148\"><a href=\"https:\/\/matriacon.net\/en\/materialien\/quellenverzeichnis\/\">Quellenverzeichnis MatriaWis<\/a><\/li>\n<\/ul>\n<\/li>\n<li class=\"sitemap-item page_item page-item-50 page_item_has_children\"><a href=\"https:\/\/matriacon.net\/en\/the-school\/\">The School<\/a>\n<ul class='children'>\n\t<li class=\"sitemap-item page_item page-item-77\"><a href=\"https:\/\/matriacon.net\/en\/the-school\/matriarchales-bewusstsein\/\">Matriarchal Consciousness<\/a><\/li>\n\t<li class=\"sitemap-item page_item page-item-74\"><a href=\"https:\/\/matriacon.net\/en\/the-school\/matriarchats-theorie\/\">Theory<\/a><\/li>\n<\/ul>\n<\/li>\n<li class=\"sitemap-item page_item page-item-1281\"><a href=\"https:\/\/matriacon.net\/en\/die-treffen\/\">The meetings<\/a><\/li>\n<li class=\"sitemap-item page_item page-item-23\"><a href=\"https:\/\/matriacon.net\/en\/die-veranstaltungen\/\">The events<\/a><\/li>\n<li class=\"sitemap-item page_item page-item-35\"><a href=\"https:\/\/matriacon.net\/en\/impressum\/\">Impressum<\/a><\/li>\n<li class=\"sitemap-item page_item page-item-33\"><a href=\"https:\/\/matriacon.net\/en\/kontakt\/\">Contact<\/a><\/li>\n<li class=\"sitemap-item page_item page-item-8\"><a href=\"https:\/\/matriacon.net\/en\/\">MatriaCon - International School for Matriarchal Consciousness<\/a><\/li>\n<li class=\"sitemap-item page_item page-item-738\"><a href=\"https:\/\/matriacon.net\/en\/die-traegerinnen\/\">MatriaVal e.V.<\/a><\/li>\n<li class=\"sitemap-item page_item page-item-34\"><a href=\"https:\/\/matriacon.net\/en\/netzwerk\/\">Netzwerk<\/a><\/li>\n<li class=\"sitemap-item page_item page-item-5335\"><a href=\"https:\/\/matriacon.net\/en\/sitemap\/\">Sitemap<\/a><\/li>\n<\/ul><\/div><\/div><br style=\"clear: both;\"><br \/>\n<div id=\"simple-sitemap-container-69d3181f546d9\" class=\"simple-sitemap-container simple-sitemap-container-69d3181f546d9\"><div class=\"simple-sitemap-wrap buecher\"><h3 class=\"term-tag\">Books<\/h3><ul class=\"simple-sitemap-post main\"><li class=\"sitemap-item\"><a href=\"https:\/\/matriacon.net\/en\/dich-liebt-die-welt\/\">Dich liebt die Welt<\/a><\/li><li class=\"sitemap-item\"><a href=\"https:\/\/matriacon.net\/en\/menstruation-von-der-ohnmacht-zur-macht\/\">Menstruation &#8211; Von der Ohnmacht zur Macht<\/a><\/li><li class=\"sitemap-item\"><a href=\"https:\/\/matriacon.net\/en\/familie-als-beginn\/\">Familie als Beginn<\/a><\/li><li class=\"sitemap-item\"><a href=\"https:\/\/matriacon.net\/en\/eine-zeitgemaesse-hexe\/\">Eine zeitgem\u00e4\u00dfe Hexe<\/a><\/li><li class=\"sitemap-item\"><a href=\"https:\/\/matriacon.net\/en\/die-ordnung-der-mutter\/\">Die Ordnung der Mutter<\/a><\/li><li class=\"sitemap-item\"><a href=\"https:\/\/matriacon.net\/en\/die-gute-maer\/\">Die gute M\u00e4r<\/a><\/li><li class=\"sitemap-item\"><a href=\"https:\/\/matriacon.net\/en\/die-zauberhaft\/\">Die Zauberhaft<\/a><\/li><li class=\"sitemap-item\"><a href=\"https:\/\/matriacon.net\/en\/godeweg\/\">Godeweg &#8211;                               Auf den Spuren von Freya bis Percht<\/a><\/li><li class=\"sitemap-item\"><a href=\"https:\/\/matriacon.net\/en\/am-herdfeuer-aufzeichnungen-einer-reise-zu-den-matriarchalen-mosuo\/\">Am Herdfeuer<\/a><\/li><\/ul><\/div><div class=\"simple-sitemap-wrap filme\"><h3 class=\"term-tag\">Movies<\/h3><ul class=\"simple-sitemap-post main\"><li class=\"sitemap-item\"><a href=\"https:\/\/matriacon.net\/en\/alma-mater-zyklus\/\">ALMA MATER &#8211; Zyklus<\/a><\/li><li class=\"sitemap-item\"><a href=\"https:\/\/matriacon.net\/en\/ausrufung-des-jahrtausends-der-frau\/\">Ausrufung des Jahrtausends der Frau<\/a><\/li><li class=\"sitemap-item\"><a href=\"https:\/\/matriacon.net\/en\/gesellschaft-in-balance\/\">Gesellschaft in Balance<\/a><\/li><li class=\"sitemap-item\"><a href=\"https:\/\/matriacon.net\/en\/sturm-wut-frau\/\">Sturm-Wut-Frau<\/a><\/li><li class=\"sitemap-item\"><a href=\"https:\/\/matriacon.net\/en\/elisabeth-selbert-preis-2015-an-uschi-madeisky\/\">Elisabeth-Selbert-Preis 2015 an Uschi Madeisky<\/a><\/li><li class=\"sitemap-item\"><a href=\"https:\/\/matriacon.net\/en\/die-tochter\/\">Die Tochter<\/a><\/li><li class=\"sitemap-item\"><a href=\"https:\/\/matriacon.net\/en\/die-toechter-der-sieben-huetten\/\">Die T\u00f6chter der sieben H\u00fctten<\/a><\/li><li class=\"sitemap-item\"><a href=\"https:\/\/matriacon.net\/en\/wo-dem-gatten-nur-die-nacht-gehoert\/\">Wo dem Gatten nur die Nacht geh\u00f6rt<\/a><\/li><li class=\"sitemap-item\"><a href=\"https:\/\/matriacon.net\/en\/wo-die-freien-frauen-wohnen-5\/\">Wo die freien Frauen wohnen<\/a><\/li><li class=\"sitemap-item\"><a href=\"https:\/\/matriacon.net\/en\/matriarchate-weltweit-3\/\">Matriarchate weltweit<\/a><\/li><li class=\"sitemap-item\"><a href=\"https:\/\/matriacon.net\/en\/mutterland-3\/\">Mutterland<\/a><\/li><li class=\"sitemap-item\"><a href=\"https:\/\/matriacon.net\/en\/die-40-tage-beginn-des-lebens-in-einem-matriarchat\/\">Die 40 Tage \u2013 Beginn des Lebens in einem Matriarchat<\/a><\/li><li class=\"sitemap-item\"><a href=\"https:\/\/matriacon.net\/en\/geborgen-im-mutterland\/\">Geborgen im Mutterland<\/a><\/li><\/ul><\/div><div class=\"simple-sitemap-wrap filmvorfuehrungen\"><h3 class=\"term-tag\">Movie Screening<\/h3><ul class=\"simple-sitemap-post main\"><li class=\"sitemap-item\"><a href=\"https:\/\/matriacon.net\/en\/mutterland-5\/\">Mutterland<\/a><\/li><li class=\"sitemap-item\"><a href=\"https:\/\/matriacon.net\/en\/mutterland-6\/\">Mutterland<\/a><\/li><li class=\"sitemap-item\"><a href=\"https:\/\/matriacon.net\/en\/mutterland-7\/\">Mutterland<\/a><\/li><li class=\"sitemap-item\"><a href=\"https:\/\/matriacon.net\/en\/filme-matriarchate-zyklus\/\">Matriarchate &#8211; Zyklus in Wien<\/a><\/li><li class=\"sitemap-item\"><a href=\"https:\/\/matriacon.net\/en\/mutterland-9\/\">Mutterland<\/a><\/li><li class=\"sitemap-item\"><a href=\"https:\/\/matriacon.net\/en\/mutterland-8\/\">Mutterland<\/a><\/li><li class=\"sitemap-item\"><a href=\"https:\/\/matriacon.net\/en\/bella-donna-filmreihe-im-oho-kino\/\">BELLA DONNA Filmreihe im OHO Kino<\/a><\/li><li class=\"sitemap-item\"><a href=\"https:\/\/matriacon.net\/en\/mutterland-im-marburger-kino\/\">MUTTERLAND im Marburger  Kino<\/a><\/li><li class=\"sitemap-item\"><a href=\"https:\/\/matriacon.net\/en\/interkulturelle-wochen-rottweil-2021\/\">Interkulturelle Wochen Rottweil 2021<\/a><\/li><li class=\"sitemap-item\"><a href=\"https:\/\/matriacon.net\/en\/filmvorfuehrung\/\">Filmvorf\u00fchrung\u00a0<\/a><\/li><li class=\"sitemap-item\"><a href=\"https:\/\/matriacon.net\/en\/erstauffuehrung-in-oesterreich-im-aeltesten-kino-kaerntens\/\">Erstauff\u00fchrung in \u00d6sterreich, im \u00e4ltesten Kino K\u00e4rntens!<\/a><\/li><li class=\"sitemap-item\"><a href=\"https:\/\/matriacon.net\/en\/filmvorfuehrung-mutterland\/\">Filmvorf\u00fchrung MUTTERLAND<\/a><\/li><li class=\"sitemap-item\"><a href=\"https:\/\/matriacon.net\/en\/ein-matriarchatswochenende-im-gloria-kino-heidelberg\/\">Ein MatriarchatsWochenende im Gloria Kino Heidelberg<\/a><\/li><li class=\"sitemap-item\"><a href=\"https:\/\/matriacon.net\/en\/filmabend\/\">Filmabend\u00a0<\/a><\/li><li class=\"sitemap-item\"><a href=\"https:\/\/matriacon.net\/en\/matriarchatstag-in-der-kinemathek-in-karlsruhe\/\">Matriarchatstag in der Kinemathek in Karlsruhe<\/a><\/li><li class=\"sitemap-item\"><a href=\"https:\/\/matriacon.net\/en\/matriarchatswochenende-in-regensburg\/\">Matriarchatswochenende in Regensburg<\/a><\/li><li class=\"sitemap-item\"><a href=\"https:\/\/matriacon.net\/en\/filme-vortrag-gespraeche-und-infotisch\/\">Filme, Vortrag, Gespr\u00e4che und Infotisch<\/a><\/li><li class=\"sitemap-item\"><a href=\"https:\/\/matriacon.net\/en\/matriarchatsfilmabend-in-der-kinemathek-in-karlsruhe\/\">Matriarchatsfilmabend in der Kinemathek in Karlsruhe<\/a><\/li><li class=\"sitemap-item\"><a href=\"https:\/\/matriacon.net\/en\/wo-die-freien-frauen-wohnen-4\/\">Wo die freien Frauen wohnen<\/a><\/li><li class=\"sitemap-item\"><a href=\"https:\/\/matriacon.net\/en\/matriarchy-for-future-festival-3-6-juli-2025\/\">Matriarchy for Future \u2013 Festival 3. \u2013 6. Juli 2025<\/a><\/li><\/ul><\/div><div class=\"simple-sitemap-wrap kunsthandwerk\"><h3 class=\"term-tag\">handicrafts<\/h3><ul class=\"simple-sitemap-post main\"><li class=\"sitemap-item\"><a href=\"https:\/\/matriacon.net\/en\/mustervorlagen\/\">Mustervorlagen<\/a><\/li><li class=\"sitemap-item\"><a href=\"https:\/\/matriacon.net\/en\/angebote-preisliste\/\">Angebote\/Preisliste<\/a><\/li><li class=\"sitemap-item\"><a href=\"https:\/\/matriacon.net\/en\/kontakt-gerlinde-hofmann\/\">Kontakt Gerlinde Hofmann<\/a><\/li><\/ul><\/div><div class=\"simple-sitemap-wrap mutterlandbriefe\"><h3 class=\"term-tag\">Letters from Motherland<\/h3><ul class=\"simple-sitemap-post main\"><li class=\"sitemap-item\"><a href=\"https:\/\/matriacon.net\/en\/an-alle-ich-flehe-euch-an-das-kleine-woertchen-noch\/\">An alle &#8230;. Ich flehe Euch an! \u2013 Das kleine W\u00f6rtchen noch.<\/a><\/li><li class=\"sitemap-item\"><a href=\"https:\/\/matriacon.net\/en\/wechselmodell\/\">Wechselmodell<\/a><\/li><li class=\"sitemap-item\"><a href=\"https:\/\/matriacon.net\/en\/mutter-und-baby-bei-den-mosuo\/\">Mutter und Baby bei den Mosuo<\/a><\/li><li class=\"sitemap-item\"><a href=\"https:\/\/matriacon.net\/en\/film-mutterland-in-frankfurt\/\">Film Mutterland in Frankfurt<\/a><\/li><li class=\"sitemap-item\"><a href=\"https:\/\/matriacon.net\/en\/wohlstand-frieden-und-eine-ausgeglichene-oekonomie\/\">Wohlstand, Frieden und eine ausgeglichene \u00d6konomie<\/a><\/li><li class=\"sitemap-item\"><a href=\"https:\/\/matriacon.net\/en\/erklaerungen-einer-gelehrten-irokesin\/\">Erkl\u00e4rungen einer gelehrten Irokesin<\/a><\/li><li class=\"sitemap-item\"><a href=\"https:\/\/matriacon.net\/en\/matriwissen-ein-kanal-geht-online\/\">\u201eMatriWissen\u201c ein Kanal geht online<\/a><\/li><li class=\"sitemap-item\"><a href=\"https:\/\/matriacon.net\/en\/das-zaertliche-universum\/\">Das z\u00e4rtliche Universum<\/a><\/li><li class=\"sitemap-item\"><a href=\"https:\/\/matriacon.net\/en\/weitreichend-die-wirkung-der-symbole-und-zeichen\/\">Weitreichend die Wirkung der Symbole und Zeichen<\/a><\/li><li class=\"sitemap-item\"><a href=\"https:\/\/matriacon.net\/en\/was-ist-ueberhaupt-ein-matriarchat\/\">Was ist \u00fcberhaupt ein Matriarchat?<\/a><\/li><li class=\"sitemap-item\"><a href=\"https:\/\/matriacon.net\/en\/jahresbericht\/\">Jahresbericht<\/a><\/li><li class=\"sitemap-item\"><a href=\"https:\/\/matriacon.net\/en\/aufschrei-einer-mutter-in-corona-zeiten\/\">Aufschrei einer Mutter in Corona-Zeiten<\/a><\/li><li class=\"sitemap-item\"><a href=\"https:\/\/matriacon.net\/en\/im-reich-der-frauen\/\">Im Reich der Frauen<\/a><\/li><li class=\"sitemap-item\"><a href=\"https:\/\/matriacon.net\/en\/die-befriedung-der-welt-braucht-die-baeuerin\/\">Die Befriedung der Welt braucht die B\u00e4uerin<\/a><\/li><li class=\"sitemap-item\"><a href=\"https:\/\/matriacon.net\/en\/buchbesprechung-eine-erde-fur-alle-aus-den-mutterlandbriefen-24-von-dagmar-lilly-margotsdotter\/\">Buchbesprechung &#8220;Eine Erde f\u00fcr alle!&#8221;<\/a><\/li><li class=\"sitemap-item\"><a href=\"https:\/\/matriacon.net\/en\/artikel-aus-den-mutterlandbriefen-25-von-dagmar-lilly-margotsdotter\/\">Matriarchate \u2013 Gelebte Utopien<\/a><\/li><li class=\"sitemap-item\"><a href=\"https:\/\/matriacon.net\/en\/die-grossmuetter-von-der-muehle\/\">Die Gro\u00dfm\u00fctter von der M\u00fchle<\/a><\/li><li class=\"sitemap-item\"><a href=\"https:\/\/matriacon.net\/en\/urauffuehrung-von-die-40-tage-beginn-des-lebens-in-einem-matriarchat\/\">Urauff\u00fchrung von &#8220;Die 40 Tage \u2013 Beginn des Lebens in einem Matriarchat&#8221;<\/a><\/li><li class=\"sitemap-item\"><a href=\"https:\/\/matriacon.net\/en\/artikel-aus-den-mutterlandbriefen-26-der-artikel-kann-hier-heruntergeladen-werden\/\">Die \u00d6konomie des Schenkens in der Zivilisation der Gabe.<\/a><\/li><li class=\"sitemap-item\"><a href=\"https:\/\/matriacon.net\/en\/was-das-projekt-h-e-l-f-a-mit-den-grossmuettern-zu-tun-hat\/\">Was das Projekt H.E.L.F.A. mit den Gro\u00dfm\u00fcttern zu tun hat<\/a><\/li><li class=\"sitemap-item\"><a href=\"https:\/\/matriacon.net\/en\/15-august-was-gibts-denn-da-zu-feiern\/\">15. August: Was gibt&#8217;s denn da zu feiern?<\/a><\/li><li class=\"sitemap-item\"><a href=\"https:\/\/matriacon.net\/en\/was-unterscheidet-traditionelles-wissen-von-westlicher-wissenschaft\/\">Was unterscheidet traditionelles Wissen von westlicher Wissenschaft?<\/a><\/li><li class=\"sitemap-item\"><a href=\"https:\/\/matriacon.net\/en\/was-ist-eigentlich-eine-starke-frau-uscha\/\">Was ist eigentlich eine starke Frau, Uscha?<\/a><\/li><li class=\"sitemap-item\"><a href=\"https:\/\/matriacon.net\/en\/wie-kann-eine-stabile-gemeinschaft-entstehen\/\">Wie kann eine stabile Gemeinschaft entstehen?<\/a><\/li><li class=\"sitemap-item\"><a href=\"https:\/\/matriacon.net\/en\/der-mensch-als-frau\/\">Der Mensch als Frau.<\/a><\/li><li class=\"sitemap-item\"><a href=\"https:\/\/matriacon.net\/en\/anfaenge-eine-neue-geschichte-der-menschheit\/\">Anf\u00e4nge \u2013 Eine neue Geschichte der Menschheit<\/a><\/li><li class=\"sitemap-item\"><a href=\"https:\/\/matriacon.net\/en\/muetter-macht-politik-eure-eigene\/\">M\u00fctter Macht Politik \u2013 Eure eigene!<\/a><\/li><li class=\"sitemap-item\"><a href=\"https:\/\/matriacon.net\/en\/ein-ueberraschender-fund-die-matriarchatsbewegung-nach-1945\/\">Ein \u00fcberraschender Fund: Die Matriarchatsbewegung nach 1945!<\/a><\/li><li class=\"sitemap-item\"><a href=\"https:\/\/matriacon.net\/en\/artikel-aus-den-mutterlandbriefen-33-der-artikel-kann-hier-heruntergeladen-werden\/\">Botschaften aus dem Mutterland von Yelfia<\/a><\/li><li class=\"sitemap-item\"><a href=\"https:\/\/matriacon.net\/en\/das-matriachat-der-minangkabau\/\">Das Matriachat der Minangkabau<\/a><\/li><li class=\"sitemap-item\"><a href=\"https:\/\/matriacon.net\/en\/matriarchat-meets-goettinnenkonferenz\/\">Matriarchat meets G\u00f6ttinnenkonferenz<\/a><\/li><li class=\"sitemap-item\"><a href=\"https:\/\/matriacon.net\/en\/die-japanische-matriarchatsforscherin-takamure-itsue\/\">Die japanische Matriarchatsforscherin Takamure Itsue<\/a><\/li><\/ul><\/div><div class=\"simple-sitemap-wrap rueckschau\"><h3 class=\"term-tag\">Retrospect<\/h3><ul class=\"simple-sitemap-post main\"><li class=\"sitemap-item\"><a href=\"https:\/\/matriacon.net\/en\/die-muetterwand\/\">Die M\u00fctterwand<\/a><\/li><li class=\"sitemap-item\"><a href=\"https:\/\/matriacon.net\/en\/matriarchate-weltweit\/\">Matriarchate Weltweit<\/a><\/li><li class=\"sitemap-item\"><a href=\"https:\/\/matriacon.net\/en\/wo-die-freien-frauen-wohnen-2\/\">Wo die freien Frauen wohnen<\/a><\/li><li class=\"sitemap-item\"><a href=\"https:\/\/matriacon.net\/en\/fortbildung-und-supervision-fuer-botschafterinnen-matriarchalen-bewusstseins\/\">Matri-Zirkel-Leiterin<\/a><\/li><li class=\"sitemap-item\"><a href=\"https:\/\/matriacon.net\/en\/neue-wege-fuer-frauen-und-maenner\/\">Neue Wege f\u00fcr Frauen und M\u00e4nner<\/a><\/li><li class=\"sitemap-item\"><a href=\"https:\/\/matriacon.net\/en\/wo-die-freien-frauen-wohnen\/\">Wo die freien Frauen wohnen<\/a><\/li><li class=\"sitemap-item\"><a href=\"https:\/\/matriacon.net\/en\/mutterland\/\">Mutterland &#8211; Preview<\/a><\/li><li class=\"sitemap-item\"><a href=\"https:\/\/matriacon.net\/en\/wo-die-freien-frauen-wohnen-3\/\">Wo die freien Frauen wohnen<\/a><\/li><li class=\"sitemap-item\"><a href=\"https:\/\/matriacon.net\/en\/mutterland-die-filmpremiere-in-frankfurt\/\">Mutterland  &#8211;  die Filmpremiere in Frankfurt<\/a><\/li><li class=\"sitemap-item\"><a href=\"https:\/\/matriacon.net\/en\/matri-zirkel-rhein-main\/\">Matri-Zirkel Rhein-Main<\/a><\/li><li class=\"sitemap-item\"><a href=\"https:\/\/matriacon.net\/en\/studientage-in-marburg\/\">Studientage in Marburg<\/a><\/li><li class=\"sitemap-item\"><a href=\"https:\/\/matriacon.net\/en\/mutterland-2\/\">Mutterland<\/a><\/li><li class=\"sitemap-item\"><a href=\"https:\/\/matriacon.net\/en\/salongespraeche\/\">Salongespr\u00e4che<\/a><\/li><li class=\"sitemap-item\"><a href=\"https:\/\/matriacon.net\/en\/filmpremiere-mutterland\/\">Filmpremiere &#8220;Mutterland&#8221;<\/a><\/li><li class=\"sitemap-item\"><a href=\"https:\/\/matriacon.net\/en\/mutterland-4\/\">Mutterland<\/a><\/li><li class=\"sitemap-item\"><a href=\"https:\/\/matriacon.net\/en\/matriarchales-klanwesen\/\">Matriarchales Klanwesen<\/a><\/li><li class=\"sitemap-item\"><a href=\"https:\/\/matriacon.net\/en\/matriarchate-weltweit-2\/\">Matriarchate Weltweit<\/a><\/li><li class=\"sitemap-item\"><a href=\"https:\/\/matriacon.net\/en\/das-versagen-der-kleinfamilie\/\">Das Versagen der Kleinfamilie<\/a><\/li><li class=\"sitemap-item\"><a href=\"https:\/\/matriacon.net\/en\/matriarchale-spiritualitaet\/\">Matriarchale Spiritualit\u00e4t<\/a><\/li><li class=\"sitemap-item\"><a href=\"https:\/\/matriacon.net\/en\/7-klanmuetter\/\">7 Klanm\u00fctter ?<\/a><\/li><li class=\"sitemap-item\"><a href=\"https:\/\/matriacon.net\/en\/die-sprache-von-ma-der-grossen-urmutter\/\">Die Sprache von MA  &#8211;  der gro\u00dfen Urmutter<\/a><\/li><li class=\"sitemap-item\"><a href=\"https:\/\/matriacon.net\/en\/zusammenhalt-im-mutterland\/\">Zusammenhalt im Mutterland<\/a><\/li><li class=\"sitemap-item\"><a href=\"https:\/\/matriacon.net\/en\/die-kabylinnen\/\">Die Kabylinnen<\/a><\/li><li class=\"sitemap-item\"><a href=\"https:\/\/matriacon.net\/en\/eroeffnung-der-matriacon-schule\/\">Er\u00f6ffnung der MatriaCon &#8211; Schule<\/a><\/li><li class=\"sitemap-item\"><a href=\"https:\/\/matriacon.net\/en\/wp-publications-example\/\">wp-publications example<\/a><\/li><\/ul><\/div><div class=\"simple-sitemap-wrap veranstaltungen\"><h3 class=\"term-tag\">Events<\/h3><ul class=\"simple-sitemap-post main\"><li class=\"sitemap-item\"><a href=\"https:\/\/matriacon.net\/en\/filmpremiere-mutterland\/\">Filmpremiere &#8220;Mutterland&#8221;<\/a><\/li><li class=\"sitemap-item\"><a href=\"https:\/\/matriacon.net\/en\/die-sprache-unserer-ursprungs-mutter-ma\/\">Die Sprache unserer Ursprungs-Mutter MA<\/a><\/li><li class=\"sitemap-item\"><a href=\"https:\/\/matriacon.net\/en\/matri-zirkel-rhein-main-2\/\">Matri-Zirkel Rhein-Main<\/a><\/li><li class=\"sitemap-item\"><a href=\"https:\/\/matriacon.net\/en\/von-matriarchalen-gesellschaften-lernen\/\">Von Matriarchalen Gesellschaften lernen<\/a><\/li><li class=\"sitemap-item\"><a href=\"https:\/\/matriacon.net\/en\/11739-2\/\">(no title)<\/a><\/li><li class=\"sitemap-item\"><a href=\"https:\/\/matriacon.net\/en\/waehrend-der-goettinnenkonferenz-24\/\">W\u00e4hrend der G\u00f6ttinnenkonferenz 24<\/a><\/li><li class=\"sitemap-item\"><a href=\"https:\/\/matriacon.net\/en\/matriarchatswochenende-in-regensburg\/\">Matriarchatswochenende in Regensburg<\/a><\/li><li class=\"sitemap-item\"><a href=\"https:\/\/matriacon.net\/en\/matriarchatstag-auf-der-weltbuehne\/\">Matriarchatstag auf der Weltb\u00fchne<\/a><\/li><li class=\"sitemap-item\"><a href=\"https:\/\/matriacon.net\/en\/frauentag-ankommen-im-leben-sein\/\">Frauentag \u201eAnkommen. Im Leben sein\u201c\u00a0<\/a><\/li><li class=\"sitemap-item\"><a href=\"https:\/\/matriacon.net\/en\/matriarchatsfilmabend-in-der-kinemathek-in-karlsruhe\/\">Matriarchatsfilmabend in der Kinemathek in Karlsruhe<\/a><\/li><li class=\"sitemap-item\"><a href=\"https:\/\/matriacon.net\/en\/wo-die-freien-frauen-wohnen-4\/\">Wo die freien Frauen wohnen<\/a><\/li><li class=\"sitemap-item\"><a href=\"https:\/\/matriacon.net\/en\/alles-ist-beziehung-matriarchales-wachsen-lassen\/\">\u201eAlles ist Beziehung\u201c \u2013 Matriarchales wachsen lassen<\/a><\/li><li class=\"sitemap-item\"><a href=\"https:\/\/matriacon.net\/en\/matriarchy-for-future-festival-3-6-juli-2025\/\">Matriarchy for Future \u2013 Festival 3. \u2013 6. Juli 2025<\/a><\/li><\/ul><\/div><\/div><br style=\"clear: both\"><\/p>\n","protected":false,"raw":"<!-- wp:paragraph -->\n<p>Sitemap of MatriaCon's Webside<\/p>\n<!-- \/wp:paragraph -->\n\n<!-- wp:shortcode -->\n[simple-sitemap types=\"page\" exclude=\"703,1087\" show_label=\"false\"]\n[simple-sitemap-group orderby=\"date\" show_label=\"false\"]\n<!-- \/wp:shortcode -->"},"excerpt":{"rendered":"","protected":false,"raw":""},"author":1,"featured_media":9880,"parent":0,"menu_order":0,"comment_status":"closed","ping_status":"closed","template":"","meta":{"_de_post_content":"<!-- wp:paragraph -->\n<p>\u00dcbersicht der Matriacon-Webpr\u00e4senz<\/p>\n<!-- \/wp:paragraph -->\n\n<!-- wp:shortcode -->\n[simple-sitemap types=\"page\" exclude=\"703,1087\" show_label=\"false\"]\n[simple-sitemap-group orderby=\"date\" show_label=\"false\"]\n<!-- \/wp:shortcode -->","_de_post_name":"sitemap","_de_post_excerpt":"","_de_post_title":"Sitemap","_en_post_content":"<!-- wp:paragraph -->\n<p>Sitemap of MatriaCon's Webside<\/p>\n<!-- \/wp:paragraph -->\n\n<!-- wp:shortcode -->\n[simple-sitemap types=\"page\" exclude=\"703,1087\" show_label=\"false\"]\n[simple-sitemap-group orderby=\"date\" show_label=\"false\"]\n<!-- \/wp:shortcode -->","_en_post_name":"","_en_post_excerpt":"","_en_post_title":"Sitemap","edit_language":"en","ngg_post_thumbnail":0,"footnotes":""},"class_list":["post-5335","page","type-page","status-publish","has-post-thumbnail","hentry"],"jetpack_sharing_enabled":true,"_links":{"self":[{"href":"https:\/\/matriacon.net\/en\/wp-json\/wp\/v2\/pages\/5335","targetHints":{"allow":["GET"]}}],"collection":[{"href":"https:\/\/matriacon.net\/en\/wp-json\/wp\/v2\/pages"}],"about":[{"href":"https:\/\/matriacon.net\/en\/wp-json\/wp\/v2\/types\/page"}],"author":[{"embeddable":true,"href":"https:\/\/matriacon.net\/en\/wp-json\/wp\/v2\/users\/1"}],"replies":[{"embeddable":true,"href":"https:\/\/matriacon.net\/en\/wp-json\/wp\/v2\/comments?post=5335"}],"version-history":[{"count":1,"href":"https:\/\/matriacon.net\/en\/wp-json\/wp\/v2\/pages\/5335\/revisions"}],"predecessor-version":[{"id":5337,"href":"https:\/\/matriacon.net\/en\/wp-json\/wp\/v2\/pages\/5335\/revisions\/5337"}],"wp:featuredmedia":[{"embeddable":true,"href":"https:\/\/matriacon.net\/en\/wp-json\/wp\/v2\/media\/9880"}],"wp:attachment":[{"href":"https:\/\/matriacon.net\/en\/wp-json\/wp\/v2\/media?parent=5335"}],"curies":[{"name":"wp","href":"https:\/\/api.w.org\/{rel}","templated":true}]}}