{"id":703,"date":"2019-01-12T22:39:06","date_gmt":"2019-01-12T21:39:06","guid":{"rendered":"http:\/\/testwp1.lan\/?page_id=703"},"modified":"2019-04-16T13:21:35","modified_gmt":"2019-04-16T13:21:35","slug":"","status":"publish","type":"page","link":"https:\/\/matriacon.net\/en\/anmeldeformular\/","title":{"rendered":"Registration","raw":"Registration"},"content":{"rendered":"\n<p>Registration to the courses and events<\/p>\n\n\n\n<p>Choose an <a href=\"https:\/\/matriacon.net\/veranstaltungen\">event<\/a> in the drop-down list, fill in your data and press \u201esubmit\u201c. You will receive a confirmation within some days. If the event is with costs you will receive a bill. Your registration is only valid upon receipt of the fee.<\/p>\n\n\n\n<p><span style=\"color:#bb2e27;\">Important:<\/span><br>Please add to your registration the <strong>date<\/strong> and the <strong>course number<\/strong>, if not given in the drop-down menu. This will fascilitate our administration. Furthermore, for a valid registration you have to accept the Allgemeinen Gesch\u00e4ftsbedingungen <a href=\"https:\/\/matriacon.net\/agb\/\">AGB<\/a> and the storage of your data. Click here for more information on our <a href=\"https:\/\/matriacon.net\/datenschutzerklaerung\/\">data privacy<\/a>.<\/p>\n\n\n<form enctype=\"multipart\/form-data\" method=\"post\" id=\"psfb4116\" action=\"https:\/\/matriacon.net\/en\/anmeldeformular\/\" class=\"planso-form-builder\" data-id=\"4116\" data-cnt=\"2\" id=\"planso_forms_4116_2\" data-locale=\"en\" data-locale_long=\"en_GB\" data-datepicker=\"bootstrap-datetimepicker\" data-date_format=\"j. F Y\" data-moment_date_format=\"D. MMMM YYYY\" data-jqueryui_date_format=\"d. MM yy\" data-eternicode_date_format=\"d. MM yyyy\"><div class=\"container-fluid\"><input type=\"hidden\" name=\"psfb_pageurl\" value=\"https:\/\/matriacon.net\/en\/anmeldeformular\/\"\/><input type=\"hidden\" name=\"psfb_userip\" value=\"216.73.216.142\"\/><input type=\"hidden\" name=\"psfb_useragent\" value=\"Mozilla\/5.0 AppleWebKit\/537.36 (KHTML, like Gecko; compatible; ClaudeBot\/1.0; +claudebot@anthropic.com)\"\/><input type=\"hidden\" name=\"psfb_landingpage\" value=\"http:\/\/matriacon.net\/en\/wp-json\/wp\/v2\/pages\/703\"\/><input type=\"hidden\" name=\"psfb_referer\" value=\"Direct\"\/><input type=\"hidden\" name=\"psfb_page_id\" value=\"703\"\/><input type=\"hidden\" name=\"psfb_form_submit\" value=\"1\"\/><input type=\"hidden\" name=\"psfb_form_id\" value=\"4116\"\/><input type=\"hidden\" name=\"psfb_form_cnt\" value=\"2\"\/><div style=\"display:none\"><input type=\"text\" name=\"psfb_hon_as\"\/><\/div><div style=\"display:none\"><input type=\"text\" name=\"psfb_hon_as2\" id=\"psfb_hon_as2_4116_2\" value=\"e95dab533c5477405e9f33d5e2fbcc7a\"\/><\/div><div style=\"display:none\"><input type=\"text\" name=\"psfb_cnt_check\" value=\"2\"\/><\/div><div class=\"row\"><div class=\"col-md-6\"><div class=\"form-group psfb-single-container\"><label class=\"control-label\" for=\"psfield_4116_1\">Name<span class=\"psfb_required_mark\">*<\/span><\/label><input type=\"text\" required=\"required\" data-required=\"required\" name=\"Name\" value=\"\" class=\"form-control  \" id=\"psfield_4116_1\" style=\"color: #000000;\"\/><\/div><\/div><div class=\"col-md-6\"><div class=\"form-group psfb-single-container\"><label class=\"control-label\" for=\"psfield_4116_2\">First Name<span class=\"psfb_required_mark\">*<\/span><\/label><input type=\"text\" required=\"required\" data-required=\"required\" name=\"First_Name\" placeholder=\"\" value=\"\" class=\"form-control  \" id=\"psfield_4116_2\" style=\"color: #000000;\"\/><\/div><\/div><\/div><div class=\"row\"><div class=\"col-md-6\"><div class=\"form-group psfb-single-container\"><label class=\"control-label\" for=\"psfield_4116_3\">Email<span class=\"psfb_required_mark\">*<\/span><\/label><input type=\"email\" required=\"required\" data-required=\"required\" name=\"Email\" value=\"\" class=\"form-control  \" id=\"psfield_4116_3\" style=\"color: #000000;\"\/><\/div><\/div><div class=\"col-md-6\"><div class=\"form-group psfb-single-container\"><label class=\"control-label\" for=\"psfield_4116_4\">Telephone<\/label><input type=\"tel\" name=\"Telephone\" placeholder=\"\" value=\"\" class=\"form-control  \" id=\"psfield_4116_4\" style=\"color: #000000;\"\/><\/div><\/div><\/div><div class=\"row\"><div class=\"col-md-12\"><div class=\"form-group psfb-single-container\"><label class=\"control-label\" for=\"psfield_4116_5\">Select your course or event. If it is not listed choose \"other\".<span class=\"psfb_required_mark\">*<\/span><\/label><select required=\"required\" data-required=\"required\" name=\"Select_your_course_or_event__If_it_is_not_listed_choose__other__\" class=\"form-control  \" id=\"psfield_4116_5\" style=\"color: #000000;\"><option value=\"- please select -\" selected=\"selected\">- please select -<\/option><option value=\"2019-10\">Anine van der Meer<\/option><option value=\"so\">other<\/option><\/select><\/div><\/div><\/div><div class=\"row\"><div class=\"col-md-6\"><div class=\"form-group psfb-single-container\"><div class=\"checkbox_wrapper\"><div class=\"checkbox\"><label class=\"checkbox_wrapper\" style=\"\"><input data-required=\"required\" type=\"checkbox\" value=\"agb\" name=\"agb[]\" id=\"psfield_4116_6_1\">* I have read the AGB and I accept them.<\/label><\/div><div class=\"checkbox\"><label class=\"checkbox_wrapper\" style=\"\"><input data-required=\"required\" type=\"checkbox\" value=\"dsgv\" name=\"agb[]\" id=\"psfield_4116_6_2\">* I agree that my data given in this form will be stored and used to contact me. I can revoke this consent every time.<\/label><\/div><\/div><p class=\"help-block\">Fields marked with * are mandatory.<\/p><\/div><\/div><div class=\"col-md-6\"><div class=\"form-group psfb-single-container\"><label class=\"control-label\" for=\"psfield_4116_7\">Short message<\/label><textarea name=\"Short_message\" placeholder=\"\" class=\"form-control  \" id=\"psfield_4116_7\" style=\"color: rgb(0, 0, 0); height: 103px;\"><\/textarea><\/div><\/div><\/div><div class=\"row\"><div class=\"col-md-12\"><div class=\"form-group psfb-single-container\"><div style=\"position:relative;z-index:1;\"><button type=\"submit\" class=\"btn btn-primary \" id=\"psfield_4116_8\" style=\"\">Submit<\/button><\/div><\/div><\/div><\/div><\/div><\/form>\n","protected":false,"raw":"<!-- wp:paragraph -->\n<p>Registration to the courses and events<\/p>\n<!-- \/wp:paragraph -->\n\n<!-- wp:paragraph -->\n<p>Choose an <a href=\"https:\/\/matriacon.net\/veranstaltungen\">event<\/a> in the drop-down list, fill in your data and press \u201esubmit\u201c. You will receive a confirmation within some days. If the event is with costs you will receive a bill. Your registration is only valid upon receipt of the fee.<\/p>\n<!-- \/wp:paragraph -->\n\n<!-- wp:html -->\n<p><span style=\"color:#bb2e27;\">Important:<\/span><br>Please add to your registration the <strong>date<\/strong> and the <strong>course number<\/strong>, if not given in the drop-down menu. This will fascilitate our administration. Furthermore, for a valid registration you have to accept the Allgemeinen Gesch\u00e4ftsbedingungen <a href=\"https:\/\/matriacon.net\/agb\/\">AGB<\/a> and the storage of your data. Click here for more information on our <a href=\"https:\/\/matriacon.net\/datenschutzerklaerung\/\">data privacy<\/a>.<\/p>\n<!-- \/wp:html -->\n\n<!-- wp:shortcode -->\n[psfb id=\"4116\" title=\"Registration\"]\n<!-- \/wp:shortcode -->"},"excerpt":{"rendered":"","protected":false,"raw":""},"author":2,"featured_media":1552,"parent":0,"menu_order":0,"comment_status":"closed","ping_status":"closed","template":"","meta":{"_de_post_content":"<!-- wp:paragraph -->\n<p>Anmeldung zu den Veranstaltungen<\/p>\n<!-- \/wp:paragraph -->\n\n<!-- wp:paragraph -->\n<p>W\u00e4hlt <a href=\"https:\/\/matriacon.net\/veranstaltungen\">eine Veranstaltung<\/a>,  f\u00fcllt die Kontaktfelder aus und dr\u00fcckt auf \u201eFormular senden\u201c. Ihr erhaltet innerhalb weniger Tage eine E-Mail-R\u00fcckmeldung mit  einer Rechnung. Sobald der f\u00e4llige Betrag bei uns eingegangen ist, ist  die Anmeldung g\u00fcltig.<\/p>\n<!-- \/wp:paragraph -->\n\n<!-- wp:html -->\n<p><span style=\"color:#bb2e27;\">Wichtig:<\/span><br>Bitte f\u00fcgt der Anmeldung das <strong>Datum<\/strong> und den <strong>Namen<\/strong> der Veranstaltung(en) hinzu, das erleichtert uns die Arbeit und erspart \u00c4rger, falls etwas schief l\u00e4uft. F\u00fcr eine g\u00fcltige Anmeldung ist es n\u00f6tig, dass Ihr die Allgemeinen Gesch\u00e4ftsbedingungen <a href=\"https:\/\/matriacon.net\/agb\/\">AGB<\/a> akzeptiert und dies entsprechend unten best\u00e4tigt sowie die unten stehende Einwilligungserkl\u00e4rung zum Umgang mit den im Kontaktformular eingegeben Daten erteilt (siehe auch <a href=\"https:\/\/matriacon.net\/datenschutzerklaerung\/\">Datenschutzerkl\u00e4rung<\/a>).<\/p>\n<!-- \/wp:html -->\n\n<!-- wp:shortcode -->\n[psfb id=\"731\" title=\"Anmeldung\"]\n<!-- \/wp:shortcode -->","_de_post_name":"anmeldeformular","_de_post_excerpt":"","_de_post_title":"Anmeldeformular","_en_post_content":"<!-- wp:paragraph -->\n<p>Registration to the courses and events<\/p>\n<!-- \/wp:paragraph -->\n\n<!-- wp:paragraph -->\n<p>Choose an <a href=\"https:\/\/matriacon.net\/veranstaltungen\">event<\/a> in the drop-down list, fill in your data and press \u201esubmit\u201c. You will receive a confirmation within some days. If the event is with costs you will receive a bill. Your registration is only valid upon receipt of the fee.<\/p>\n<!-- \/wp:paragraph -->\n\n<!-- wp:html -->\n<p><span style=\"color:#bb2e27;\">Important:<\/span><br>Please add to your registration the <strong>date<\/strong> and the <strong>course number<\/strong>, if not given in the drop-down menu. This will fascilitate our administration. Furthermore, for a valid registration you have to accept the Allgemeinen Gesch\u00e4ftsbedingungen <a href=\"https:\/\/matriacon.net\/agb\/\">AGB<\/a> and the storage of your data. Click here for more information on our <a href=\"https:\/\/matriacon.net\/datenschutzerklaerung\/\">data privacy<\/a>.<\/p>\n<!-- \/wp:html -->\n\n<!-- wp:shortcode -->\n[psfb id=\"4116\" title=\"Registration\"]\n<!-- \/wp:shortcode -->","_en_post_name":"","_en_post_excerpt":"","_en_post_title":"Registration","edit_language":"en","ngg_post_thumbnail":0,"footnotes":""},"class_list":["post-703","page","type-page","status-publish","has-post-thumbnail","hentry"],"jetpack_sharing_enabled":true,"_links":{"self":[{"href":"https:\/\/matriacon.net\/en\/wp-json\/wp\/v2\/pages\/703","targetHints":{"allow":["GET"]}}],"collection":[{"href":"https:\/\/matriacon.net\/en\/wp-json\/wp\/v2\/pages"}],"about":[{"href":"https:\/\/matriacon.net\/en\/wp-json\/wp\/v2\/types\/page"}],"author":[{"embeddable":true,"href":"https:\/\/matriacon.net\/en\/wp-json\/wp\/v2\/users\/2"}],"replies":[{"embeddable":true,"href":"https:\/\/matriacon.net\/en\/wp-json\/wp\/v2\/comments?post=703"}],"version-history":[{"count":4,"href":"https:\/\/matriacon.net\/en\/wp-json\/wp\/v2\/pages\/703\/revisions"}],"predecessor-version":[{"id":10267,"href":"https:\/\/matriacon.net\/en\/wp-json\/wp\/v2\/pages\/703\/revisions\/10267"}],"wp:featuredmedia":[{"embeddable":true,"href":"https:\/\/matriacon.net\/en\/wp-json\/"}],"wp:attachment":[{"href":"https:\/\/matriacon.net\/en\/wp-json\/wp\/v2\/media?parent=703"}],"curies":[{"name":"wp","href":"https:\/\/api.w.org\/{rel}","templated":true}]}}