{"id":77,"date":"2019-01-05T09:57:00","date_gmt":"2019-01-05T08:57:00","guid":{"rendered":"http:\/\/test.lan\/?page_id=77"},"modified":"2020-10-22T08:54:44","modified_gmt":"2020-10-22T08:54:44","slug":"","status":"publish","type":"page","link":"https:\/\/matriacon.net\/en\/the-school\/matriarchales-bewusstsein\/","title":{"rendered":"Matriarchal Consciousness","raw":"Matriarchal Consciousness"},"content":{"rendered":"\n<h2 class=\"wp-block-heading\"><strong>Matriarchal Consciousness &#8211; What is that?<\/strong><\/h2>\n\n\n\n<p><strong>Matriarchal consciousness<\/strong> is knowledge of a way of life in which women are honored for their\nregenerative abilities, in which the well-being of mothers, children and the\nelderly are the focus of society, in which peacefulness and nurturing are basic\nvirtues for all members \u2013 women and men, where there is a <em>symbolic order of\nmothers<\/em> (according to Luisa Muraro). We recognize these fundamental\nmatriarchal values in many contemporary egalitarian cultures all around the\nglobe. In our Western society we speak of matriarchal consciousness as soon as\nthe above mentioned values are dawning and there are efforts to nurture them\nand provide them with sustainable space.<\/p>\n\n\n\n<h2 class=\"wp-block-heading\"><strong>Ambassadors for Matriarchal Consciousness?<\/strong><\/h2>\n\n\n\n<div class=\"wp-block-image\"><figure class=\"alignleft is-resized\"><img loading=\"lazy\" decoding=\"async\" src=\"https:\/\/matriacon.net\/wp-content\/uploads\/stein_bewusstsein.jpeg\" alt=\"\" class=\"wp-image-4291\" width=\"145\" height=\"218\" srcset=\"https:\/\/matriacon.net\/wp-content\/uploads\/stein_bewusstsein.jpeg 223w, https:\/\/matriacon.net\/wp-content\/uploads\/stein_bewusstsein-199x300.jpeg 199w\" sizes=\"auto, (max-width: 145px) 100vw, 145px\" \/><\/figure><\/div>\n\n\n\n<p>We want to cultivate consciousness for matriarchal ways of life and matriarchal values. We want to provide people, who are searching for ways of life which conserve resources, are life-affirming and peaceful, with knowledge, skills and adaptation techniques in order work together to find new ways of nurturing interconnectedness inspired by matriarchal cultures.<\/p>\n\n\n\n<p>This includes mutual esteem and\nappreciation of the genders, overcoming patriarchal family structures in favor\nof matriarchal clans, the safeguarding children, mothers and the elderly,\novercoming an economy driven exclusively by profit, treating Mother Earth in\nways that conserve resources and are sustainable, as well as learning consensus\noriented decision-making using a communication style oriented on needs.<\/p>\n\n\n\n<div class=\"wp-block-image\"><figure class=\"alignright is-resized\"><img loading=\"lazy\" decoding=\"async\" src=\"https:\/\/matriacon.net\/wp-content\/uploads\/IMG_2821-2-2-1024x662.jpg\" alt=\"\" class=\"wp-image-10414\" width=\"378\" height=\"244\" srcset=\"https:\/\/matriacon.net\/wp-content\/uploads\/IMG_2821-2-2-1024x662.jpg 1024w, https:\/\/matriacon.net\/wp-content\/uploads\/IMG_2821-2-2-300x194.jpg 300w, https:\/\/matriacon.net\/wp-content\/uploads\/IMG_2821-2-2-768x497.jpg 768w, https:\/\/matriacon.net\/wp-content\/uploads\/IMG_2821-2-2-216x140.jpg 216w\" sizes=\"auto, (max-width: 378px) 100vw, 378px\" \/><\/figure><\/div>\n\n\n\n<p>We want to support indigenous matriarchal\ncultures in their appreciation of the value of their centuries old life\nstrategies and means of survival. We also would like to assist them to get to\nknow each other and network.<\/p>\n\n\n\n<p>Everyone who is active in this regard can\nbecome an <strong>Ambassador of Matriarchal Consciousness<\/strong>.<\/p>\n\n\n\n<p>This lies in our interest and so in\nprinciple (almost) all of our educational offerings are accessible to everyone.<\/p>\n\n\n\n<ul class=\"wp-block-list\"><li><a href=\"https:\/\/matriacon.net\/en\/the-school\/matriarchats-theorie\">The Matriarachal Theory<\/a><\/li><\/ul>\n","protected":false,"raw":"<!-- wp:heading -->\n<h2><strong>Matriarchal Consciousness - What is that?<\/strong><\/h2>\n<!-- \/wp:heading -->\n\n<!-- wp:paragraph -->\n<p><strong>Matriarchal consciousness<\/strong> is knowledge of a way of life in which women are honored for their\nregenerative abilities, in which the well-being of mothers, children and the\nelderly are the focus of society, in which peacefulness and nurturing are basic\nvirtues for all members \u2013 women and men, where there is a <em>symbolic order of\nmothers<\/em> (according to Luisa Muraro). We recognize these fundamental\nmatriarchal values in many contemporary egalitarian cultures all around the\nglobe. In our Western society we speak of matriarchal consciousness as soon as\nthe above mentioned values are dawning and there are efforts to nurture them\nand provide them with sustainable space.<\/p>\n<!-- \/wp:paragraph -->\n\n<!-- wp:heading -->\n<h2><strong>Ambassadors for Matriarchal Consciousness?<\/strong><\/h2>\n<!-- \/wp:heading -->\n\n<!-- wp:image {\"id\":4291,\"align\":\"left\",\"width\":145,\"height\":218} -->\n<div class=\"wp-block-image\"><figure class=\"alignleft is-resized\"><img src=\"https:\/\/matriacon.net\/wp-content\/uploads\/stein_bewusstsein.jpeg\" alt=\"\" class=\"wp-image-4291\" width=\"145\" height=\"218\"\/><\/figure><\/div>\n<!-- \/wp:image -->\n\n<!-- wp:paragraph -->\n<p>We want to cultivate consciousness for matriarchal ways of life and matriarchal values. We want to provide people, who are searching for ways of life which conserve resources, are life-affirming and peaceful, with knowledge, skills and adaptation techniques in order work together to find new ways of nurturing interconnectedness inspired by matriarchal cultures.<\/p>\n<!-- \/wp:paragraph -->\n\n<!-- wp:paragraph -->\n<p>This includes mutual esteem and\nappreciation of the genders, overcoming patriarchal family structures in favor\nof matriarchal clans, the safeguarding children, mothers and the elderly,\novercoming an economy driven exclusively by profit, treating Mother Earth in\nways that conserve resources and are sustainable, as well as learning consensus\noriented decision-making using a communication style oriented on needs.<\/p>\n<!-- \/wp:paragraph -->\n\n<!-- wp:image {\"id\":10414,\"align\":\"right\",\"width\":378,\"height\":244} -->\n<div class=\"wp-block-image\"><figure class=\"alignright is-resized\"><img src=\"https:\/\/matriacon.net\/wp-content\/uploads\/IMG_2821-2-2-1024x662.jpg\" alt=\"\" class=\"wp-image-10414\" width=\"378\" height=\"244\"\/><\/figure><\/div>\n<!-- \/wp:image -->\n\n<!-- wp:paragraph -->\n<p>We want to support indigenous matriarchal\ncultures in their appreciation of the value of their centuries old life\nstrategies and means of survival. We also would like to assist them to get to\nknow each other and network.<\/p>\n<!-- \/wp:paragraph -->\n\n<!-- wp:paragraph -->\n<p>Everyone who is active in this regard can\nbecome an <strong>Ambassador of Matriarchal Consciousness<\/strong>.<\/p>\n<!-- \/wp:paragraph -->\n\n<!-- wp:paragraph -->\n<p>This lies in our interest and so in\nprinciple (almost) all of our educational offerings are accessible to everyone.<\/p>\n<!-- \/wp:paragraph -->\n\n<!-- wp:list -->\n<ul><li><a href=\"https:\/\/matriacon.net\/en\/the-school\/matriarchats-theorie\">The Matriarachal Theory<\/a><\/li><\/ul>\n<!-- \/wp:list -->"},"excerpt":{"rendered":"","protected":false,"raw":""},"author":2,"featured_media":4289,"parent":50,"menu_order":2,"comment_status":"closed","ping_status":"closed","template":"","meta":{"_de_post_content":"<!-- wp:heading -->\n<h2><strong>Matriarchales Bewusstsein \u2013 was ist das?<\/strong><\/h2>\n<!-- \/wp:heading -->\n\n<!-- wp:paragraph -->\n<p>Matriarchales Bewusstsein&nbsp;ist  das Wissen um eine Lebensform, in der Frauen f\u00fcr ihre regenerativen F\u00e4higkeiten geehrt werden, in der das Wohlergehen von  M\u00fcttern, Kindern und Alten im Fokus der Gemeinschaft stehen, in der  Friedfertigkeit und F\u00fcsorglichkeit zentrale Werte f\u00fcr alle Mitglieder \u2013 Frauen und M\u00e4nner \u2013 darstellen, in der es eine \u201a<em>symbolische Ordnung der Mutter<\/em>  (im Sinne von Luisa Muraro) gibt. Wir erkennen weltweit in vielen  gegenw\u00e4rtigen egalit\u00e4ren Kulturen diese grundlegenden matriarchalen Werte wieder. In unserer  westlichen Gesellschaft sprechen wir von matriarchalem Bewusstsein,  sobald Ans\u00e4tze erkennbar sind, f\u00fcr die o.g. Werte einzutreten und ihnen nachhaltig Raum zu geben.<\/p>\n<!-- \/wp:paragraph -->\n\n<!-- wp:heading -->\n<h2><strong>BotschafterInnen f\u00fcr Matriarchales Bewusstsein<\/strong><\/h2>\n<!-- \/wp:heading -->\n\n<!-- wp:image {\"align\":\"left\",\"id\":4291,\"width\":167,\"height\":252} -->\n<div class=\"wp-block-image\"><figure class=\"alignleft is-resized\"><img src=\"https:\/\/matriacon.net\/wp-content\/uploads\/stein_bewusstsein.jpeg\" alt=\"\" class=\"wp-image-4291\" width=\"167\" height=\"252\"\/><\/figure><\/div>\n<!-- \/wp:image -->\n\n<!-- wp:paragraph -->\n<p> Wir  wollen das Bewusstsein f\u00fcr matriarchale Lebensformen und matriarchale Werte sch\u00e4rfen. Bei uns wollen wir Menschen, die nach  ressourcenschonenden, lebensbejahenden, friedlichen Lebensformen  suchen, Wissen, K\u00f6nnen und Ver\u00e4nderungstechniken an die Hand geben, um  in Anlehnung an die matriarchalen Kulturen gemeinsam neue Wege des  f\u00fcrsorglichen Miteinander zu finden.<\/p>\n<!-- \/wp:paragraph -->\n\n<!-- wp:paragraph -->\n<p>Dazu  geh\u00f6ren die gegenseitige Achtung und Wertsch\u00e4tzung der Geschlechter, die \u00dcberwindung patriarchaler Familienstrukturen zugunsten matriarchaler  Klans, der Schutz von Kindern, M\u00fcttern und Alten, die \u00dcberwindung einer  ausschlie\u00dflich profitgesteuerten Wirtschaft, ein ressourcenschonender und nachhaltiger Umgang mit Mutter Erde, sowie das  Erlernen von konsensorientierter Entscheidungsfindung mithilfe einer  bed\u00fcrfnisorientierten Kommunikation.<\/p>\n<!-- \/wp:paragraph -->\n\n<!-- wp:image {\"align\":\"right\",\"id\":8046,\"width\":388,\"height\":251} -->\n<div class=\"wp-block-image\"><figure class=\"alignright is-resized\"><img src=\"https:\/\/matriacon.net\/wp-content\/uploads\/IMG_2821-2-1024x662.jpg\" alt=\"\" class=\"wp-image-8046\" width=\"388\" height=\"251\"\/><\/figure><\/div>\n<!-- \/wp:image -->\n\n<!-- wp:paragraph -->\n<p>Wir\n wollen indigene matriarchale Kulturen dabei unterst\u00fctzen, sich \u00fcber den\n gro\u00dfen Wert ihrer Jahrhunderte\nalten (\u00dcber)Lebensstrategien bewusst zu werden und tragen dazu bei, dass\n sie sich untereinander kennenlernen und vernetzen k\u00f6nnen.<\/p>\n<!-- \/wp:paragraph -->\n\n<!-- wp:paragraph -->\n<p>Alle, die in diesem Sinne agieren, werden zu&nbsp; <strong>BotschafterInnen des Matriarchalen Bewusstseins<\/strong>.\n&nbsp;&nbsp;<\/p>\n<!-- \/wp:paragraph -->\n\n<!-- wp:paragraph -->\n<p>Dies liegt in unserem Interesse und wird Interessierten durch verschiedene Veranstaltungen mit unterschiedlichen Mitteln und in Beratungsgespr\u00e4chen vermittelt.\u00a0<\/p>\n<!-- \/wp:paragraph -->\n\n<!-- wp:list -->\n<ul><li><a href=\"https:\/\/matriacon.net\/schule\/matriarchats-theorie\">Die Matriarchatstheorie<\/a><\/li><\/ul>\n<!-- \/wp:list -->","_de_post_name":"matriarchales-bewusstsein","_de_post_excerpt":"","_de_post_title":"Matriarchales Bewusstsein","_en_post_content":"<!-- wp:heading -->\n<h2><strong>Matriarchal Consciousness - What is that?<\/strong><\/h2>\n<!-- \/wp:heading -->\n\n<!-- wp:paragraph -->\n<p><strong>Matriarchal consciousness<\/strong> is knowledge of a way of life in which women are honored for their\nregenerative abilities, in which the well-being of mothers, children and the\nelderly are the focus of society, in which peacefulness and nurturing are basic\nvirtues for all members \u2013 women and men, where there is a <em>symbolic order of\nmothers<\/em> (according to Luisa Muraro). We recognize these fundamental\nmatriarchal values in many contemporary egalitarian cultures all around the\nglobe. In our Western society we speak of matriarchal consciousness as soon as\nthe above mentioned values are dawning and there are efforts to nurture them\nand provide them with sustainable space.<\/p>\n<!-- \/wp:paragraph -->\n\n<!-- wp:heading -->\n<h2><strong>Ambassadors for Matriarchal Consciousness?<\/strong><\/h2>\n<!-- \/wp:heading -->\n\n<!-- wp:image {\"id\":4291,\"align\":\"left\",\"width\":145,\"height\":218} -->\n<div class=\"wp-block-image\"><figure class=\"alignleft is-resized\"><img src=\"https:\/\/matriacon.net\/wp-content\/uploads\/stein_bewusstsein.jpeg\" alt=\"\" class=\"wp-image-4291\" width=\"145\" height=\"218\"\/><\/figure><\/div>\n<!-- \/wp:image -->\n\n<!-- wp:paragraph -->\n<p>We want to cultivate consciousness for matriarchal ways of life and matriarchal values. We want to provide people, who are searching for ways of life which conserve resources, are life-affirming and peaceful, with knowledge, skills and adaptation techniques in order work together to find new ways of nurturing interconnectedness inspired by matriarchal cultures.<\/p>\n<!-- \/wp:paragraph -->\n\n<!-- wp:paragraph -->\n<p>This includes mutual esteem and\nappreciation of the genders, overcoming patriarchal family structures in favor\nof matriarchal clans, the safeguarding children, mothers and the elderly,\novercoming an economy driven exclusively by profit, treating Mother Earth in\nways that conserve resources and are sustainable, as well as learning consensus\noriented decision-making using a communication style oriented on needs.<\/p>\n<!-- \/wp:paragraph -->\n\n<!-- wp:image {\"id\":10414,\"align\":\"right\",\"width\":378,\"height\":244} -->\n<div class=\"wp-block-image\"><figure class=\"alignright is-resized\"><img src=\"https:\/\/matriacon.net\/wp-content\/uploads\/IMG_2821-2-2-1024x662.jpg\" alt=\"\" class=\"wp-image-10414\" width=\"378\" height=\"244\"\/><\/figure><\/div>\n<!-- \/wp:image -->\n\n<!-- wp:paragraph -->\n<p>We want to support indigenous matriarchal\ncultures in their appreciation of the value of their centuries old life\nstrategies and means of survival. We also would like to assist them to get to\nknow each other and network.<\/p>\n<!-- \/wp:paragraph -->\n\n<!-- wp:paragraph -->\n<p>Everyone who is active in this regard can\nbecome an <strong>Ambassador of Matriarchal Consciousness<\/strong>.<\/p>\n<!-- \/wp:paragraph -->\n\n<!-- wp:paragraph -->\n<p>This lies in our interest and so in\nprinciple (almost) all of our educational offerings are accessible to everyone.<\/p>\n<!-- \/wp:paragraph -->\n\n<!-- wp:list -->\n<ul><li><a href=\"https:\/\/matriacon.net\/en\/the-school\/matriarchats-theorie\">The Matriarachal Theory<\/a><\/li><\/ul>\n<!-- \/wp:list -->","_en_post_name":"","_en_post_excerpt":"","_en_post_title":"Matriarchal Consciousness","edit_language":"en","ngg_post_thumbnail":0,"footnotes":""},"class_list":["post-77","page","type-page","status-publish","has-post-thumbnail","hentry"],"jetpack_sharing_enabled":true,"_links":{"self":[{"href":"https:\/\/matriacon.net\/en\/wp-json\/wp\/v2\/pages\/77","targetHints":{"allow":["GET"]}}],"collection":[{"href":"https:\/\/matriacon.net\/en\/wp-json\/wp\/v2\/pages"}],"about":[{"href":"https:\/\/matriacon.net\/en\/wp-json\/wp\/v2\/types\/page"}],"author":[{"embeddable":true,"href":"https:\/\/matriacon.net\/en\/wp-json\/wp\/v2\/users\/2"}],"replies":[{"embeddable":true,"href":"https:\/\/matriacon.net\/en\/wp-json\/wp\/v2\/comments?post=77"}],"version-history":[{"count":13,"href":"https:\/\/matriacon.net\/en\/wp-json\/wp\/v2\/pages\/77\/revisions"}],"predecessor-version":[{"id":10972,"href":"https:\/\/matriacon.net\/en\/wp-json\/wp\/v2\/pages\/77\/revisions\/10972"}],"up":[{"embeddable":true,"href":"https:\/\/matriacon.net\/en\/wp-json\/wp\/v2\/pages\/50"}],"wp:featuredmedia":[{"embeddable":true,"href":"https:\/\/matriacon.net\/en\/wp-json\/wp\/v2\/media\/4289"}],"wp:attachment":[{"href":"https:\/\/matriacon.net\/en\/wp-json\/wp\/v2\/media?parent=77"}],"curies":[{"name":"wp","href":"https:\/\/api.w.org\/{rel}","templated":true}]}}